{"id":5288,"date":"2019-03-26T15:48:12","date_gmt":"2019-03-26T15:48:12","guid":{"rendered":"https:\/\/staging.fantinasparagi.com\/prod\/birra-bottiglia-asparago\/"},"modified":"2022-09-26T10:08:25","modified_gmt":"2022-09-26T10:08:25","slug":"biere-en-bouteille-aux-asperges","status":"publish","type":"product","link":"https:\/\/fantinasparagi.com\/fr\/prod\/biere-en-bouteille-aux-asperges\/","title":{"rendered":"Bi\u00e8re en bouteille aux asperges"},"content":{"rendered":"","protected":false},"excerpt":{"rendered":"<p><span style=\"color: #8ec63f;\"><strong>Bouteille de 0,75 L<\/strong><\/span><\/p>\n<div class=\"page\" title=\"Page 19\">\n<div class=\"section\">\n<div class=\"layoutArea\">\n<div class=\"column\">\n<p>Benvenuta, bi\u00e8re en bouteille aux asperges.<\/p>\n<p>Une bi\u00e8re blonde l\u00e9g\u00e8rement fruit\u00e9e, dont le parfum d\u2019asperge blanche se sent imm\u00e9diatement, tandis qu&rsquo;en bouche on remarque un go\u00fbt \u00e9quilibr\u00e9 de houblon allemand et d\u2019asperge blanche<\/p>\n<\/div>\n<\/div>\n<\/div>\n<\/div>\n<p>&nbsp;<\/p>\n<p>&nbsp;<\/p>\n","protected":false},"featured_media":5159,"template":"","meta":[],"product_cat":[89],"product_tag":[],"acf":[],"yoast_head":"<!-- This site is optimized with the Yoast SEO plugin v20.1 - https:\/\/yoast.com\/wordpress\/plugins\/seo\/ -->\n<title>Birra artigianale all&#039;asparago, bottiglia in vetro da 0,75 L - Fantin Asparagi<\/title>\n<meta name=\"description\" content=\"Benvenuta, bi\u00e8re en bouteille aux asperges\" \/>\n<meta name=\"robots\" content=\"index, follow, max-snippet:-1, max-image-preview:large, max-video-preview:-1\" \/>\n<link rel=\"canonical\" href=\"https:\/\/fantinasparagi.com\/fr\/prod\/biere-en-bouteille-aux-asperges\/\" \/>\n<meta property=\"og:locale\" content=\"fr_FR\" \/>\n<meta property=\"og:type\" content=\"article\" \/>\n<meta property=\"og:title\" content=\"Birra artigianale all&#039;asparago, bottiglia in vetro da 0,75 L - Fantin Asparagi\" \/>\n<meta property=\"og:description\" content=\"Benvenuta, bi\u00e8re en bouteille aux asperges\" \/>\n<meta property=\"og:url\" content=\"https:\/\/fantinasparagi.com\/fr\/prod\/biere-en-bouteille-aux-asperges\/\" \/>\n<meta property=\"og:site_name\" content=\"Fantin Asparagi\" \/>\n<meta property=\"article:modified_time\" content=\"2022-09-26T10:08:25+00:00\" \/>\n<meta property=\"og:image\" content=\"https:\/\/fantinasparagi.com\/wp-content\/uploads\/2021\/03\/birra.jpg\" \/>\n\t<meta property=\"og:image:width\" content=\"1002\" \/>\n\t<meta property=\"og:image:height\" content=\"1250\" \/>\n\t<meta property=\"og:image:type\" content=\"image\/jpeg\" \/>\n<meta name=\"twitter:card\" content=\"summary_large_image\" \/>\n<script type=\"application\/ld+json\" class=\"yoast-schema-graph\">{\"@context\":\"https:\/\/schema.org\",\"@graph\":[{\"@type\":\"WebPage\",\"@id\":\"https:\/\/fantinasparagi.com\/fr\/prod\/biere-en-bouteille-aux-asperges\/\",\"url\":\"https:\/\/fantinasparagi.com\/fr\/prod\/biere-en-bouteille-aux-asperges\/\",\"name\":\"Birra artigianale all'asparago, bottiglia in vetro da 0,75 L - Fantin Asparagi\",\"isPartOf\":{\"@id\":\"https:\/\/fantinasparagi.com\/#website\"},\"datePublished\":\"2019-03-26T15:48:12+00:00\",\"dateModified\":\"2022-09-26T10:08:25+00:00\",\"description\":\"Benvenuta, bi\u00e8re en bouteille aux asperges\",\"breadcrumb\":{\"@id\":\"https:\/\/fantinasparagi.com\/fr\/prod\/biere-en-bouteille-aux-asperges\/#breadcrumb\"},\"inLanguage\":\"fr-FR\",\"potentialAction\":[{\"@type\":\"ReadAction\",\"target\":[\"https:\/\/fantinasparagi.com\/fr\/prod\/biere-en-bouteille-aux-asperges\/\"]}]},{\"@type\":\"BreadcrumbList\",\"@id\":\"https:\/\/fantinasparagi.com\/fr\/prod\/biere-en-bouteille-aux-asperges\/#breadcrumb\",\"itemListElement\":[{\"@type\":\"ListItem\",\"position\":1,\"name\":\"Home\",\"item\":\"https:\/\/fantinasparagi.com\/fr\/\"},{\"@type\":\"ListItem\",\"position\":2,\"name\":\"Shop online\",\"item\":\"https:\/\/fantinasparagi.com\/fr\/shop-online\/\"},{\"@type\":\"ListItem\",\"position\":3,\"name\":\"Bi\u00e8re en bouteille aux asperges\"}]},{\"@type\":\"WebSite\",\"@id\":\"https:\/\/fantinasparagi.com\/#website\",\"url\":\"https:\/\/fantinasparagi.com\/\",\"name\":\"Fantin Asparagi\",\"description\":\"\",\"potentialAction\":[{\"@type\":\"SearchAction\",\"target\":{\"@type\":\"EntryPoint\",\"urlTemplate\":\"https:\/\/fantinasparagi.com\/?s={search_term_string}\"},\"query-input\":\"required name=search_term_string\"}],\"inLanguage\":\"fr-FR\"}]}<\/script>\n<!-- \/ Yoast SEO plugin. -->","yoast_head_json":{"title":"Birra artigianale all'asparago, bottiglia in vetro da 0,75 L - Fantin Asparagi","description":"Benvenuta, bi\u00e8re en bouteille aux asperges","robots":{"index":"index","follow":"follow","max-snippet":"max-snippet:-1","max-image-preview":"max-image-preview:large","max-video-preview":"max-video-preview:-1"},"canonical":"https:\/\/fantinasparagi.com\/fr\/prod\/biere-en-bouteille-aux-asperges\/","og_locale":"fr_FR","og_type":"article","og_title":"Birra artigianale all'asparago, bottiglia in vetro da 0,75 L - Fantin Asparagi","og_description":"Benvenuta, bi\u00e8re en bouteille aux asperges","og_url":"https:\/\/fantinasparagi.com\/fr\/prod\/biere-en-bouteille-aux-asperges\/","og_site_name":"Fantin Asparagi","article_modified_time":"2022-09-26T10:08:25+00:00","og_image":[{"width":1002,"height":1250,"url":"https:\/\/fantinasparagi.com\/wp-content\/uploads\/2021\/03\/birra.jpg","type":"image\/jpeg"}],"twitter_card":"summary_large_image","schema":{"@context":"https:\/\/schema.org","@graph":[{"@type":"WebPage","@id":"https:\/\/fantinasparagi.com\/fr\/prod\/biere-en-bouteille-aux-asperges\/","url":"https:\/\/fantinasparagi.com\/fr\/prod\/biere-en-bouteille-aux-asperges\/","name":"Birra artigianale all'asparago, bottiglia in vetro da 0,75 L - Fantin Asparagi","isPartOf":{"@id":"https:\/\/fantinasparagi.com\/#website"},"datePublished":"2019-03-26T15:48:12+00:00","dateModified":"2022-09-26T10:08:25+00:00","description":"Benvenuta, bi\u00e8re en bouteille aux asperges","breadcrumb":{"@id":"https:\/\/fantinasparagi.com\/fr\/prod\/biere-en-bouteille-aux-asperges\/#breadcrumb"},"inLanguage":"fr-FR","potentialAction":[{"@type":"ReadAction","target":["https:\/\/fantinasparagi.com\/fr\/prod\/biere-en-bouteille-aux-asperges\/"]}]},{"@type":"BreadcrumbList","@id":"https:\/\/fantinasparagi.com\/fr\/prod\/biere-en-bouteille-aux-asperges\/#breadcrumb","itemListElement":[{"@type":"ListItem","position":1,"name":"Home","item":"https:\/\/fantinasparagi.com\/fr\/"},{"@type":"ListItem","position":2,"name":"Shop online","item":"https:\/\/fantinasparagi.com\/fr\/shop-online\/"},{"@type":"ListItem","position":3,"name":"Bi\u00e8re en bouteille aux asperges"}]},{"@type":"WebSite","@id":"https:\/\/fantinasparagi.com\/#website","url":"https:\/\/fantinasparagi.com\/","name":"Fantin Asparagi","description":"","potentialAction":[{"@type":"SearchAction","target":{"@type":"EntryPoint","urlTemplate":"https:\/\/fantinasparagi.com\/?s={search_term_string}"},"query-input":"required name=search_term_string"}],"inLanguage":"fr-FR"}]}},"_links":{"self":[{"href":"https:\/\/fantinasparagi.com\/fr\/wp-json\/wp\/v2\/product\/5288"}],"collection":[{"href":"https:\/\/fantinasparagi.com\/fr\/wp-json\/wp\/v2\/product"}],"about":[{"href":"https:\/\/fantinasparagi.com\/fr\/wp-json\/wp\/v2\/types\/product"}],"wp:featuredmedia":[{"embeddable":true,"href":"https:\/\/fantinasparagi.com\/fr\/wp-json\/wp\/v2\/media\/5159"}],"wp:attachment":[{"href":"https:\/\/fantinasparagi.com\/fr\/wp-json\/wp\/v2\/media?parent=5288"}],"wp:term":[{"taxonomy":"product_cat","embeddable":true,"href":"https:\/\/fantinasparagi.com\/fr\/wp-json\/wp\/v2\/product_cat?post=5288"},{"taxonomy":"product_tag","embeddable":true,"href":"https:\/\/fantinasparagi.com\/fr\/wp-json\/wp\/v2\/product_tag?post=5288"}],"curies":[{"name":"wp","href":"https:\/\/api.w.org\/{rel}","templated":true}]}}