{"id":5282,"date":"2019-03-26T15:48:13","date_gmt":"2019-03-26T15:48:13","guid":{"rendered":"https:\/\/staging.fantinasparagi.com\/prod\/vasetto-asparagi-verdi-naturale\/"},"modified":"2024-11-04T10:01:53","modified_gmt":"2024-11-04T10:01:53","slug":"asperges-vertes-au-naturel-en-bocal","status":"publish","type":"product","link":"https:\/\/fantinasparagi.com\/fr\/prod\/asperges-vertes-au-naturel-en-bocal\/","title":{"rendered":"Asperges vertes au naturel en bocal"},"content":{"rendered":"<p><span style=\"font-weight: 400;\">Pour d\u00e9guster au mieux les asperges, nous sugg\u00e9rons de r\u00e9chauffer le bocal ouvert au bain-marie, pendant quelques minutes, et de les mettre \u00e0 table au naturel ou accompagn\u00e9es d\u2019une mayonnaise au citron, d\u2019une vinaigrette ou de ce que l\u2019imagination sugg\u00e8re. <\/span><\/p>\n<p><span style=\"font-weight: 400;\">Excellentes dans les sandwichs clubs, les asperges repr\u00e9sentent un aliment pr\u00e9cieux, \u00e9ventuellement avec un \u0153uf battu, en couches, dans un plat au four.<\/span><\/p>\n<p>&nbsp;<\/p>\n<h4><strong>Valori nutrizionali medi per 100 g di prodotto<\/strong><\/h4>\n\n<table id=\"tablepress-15\" class=\"tablepress tablepress-id-15\">\n<tbody>\n<tr class=\"row-1\">\n\t<td class=\"column-1\"><strong>Energia<\/strong><\/td><td class=\"column-2\">117 kJ<br \/>\n28 kcal<\/td>\n<\/tr>\n<tr class=\"row-2\">\n\t<td class=\"column-1\"><strong>Grassi<\/strong><\/td><td class=\"column-2\">0.2 g<\/td>\n<\/tr>\n<tr class=\"row-3\">\n\t<td class=\"column-1\"><strong>di cui acidi grassi saturi<\/strong><\/td><td class=\"column-2\"><0.1 g<\/td>\n<\/tr>\n<tr class=\"row-4\">\n\t<td class=\"column-1\"><strong>Carboidrati<\/strong><\/td><td class=\"column-2\">2.8 g<\/td>\n<\/tr>\n<tr class=\"row-5\">\n\t<td class=\"column-1\"><strong>di cui zuccheri<\/strong><\/td><td class=\"column-2\">2.8 g<\/td>\n<\/tr>\n<tr class=\"row-6\">\n\t<td class=\"column-1\"><strong>Fibre<\/strong><\/td><td class=\"column-2\">6.6 g<\/td>\n<\/tr>\n<tr class=\"row-7\">\n\t<td class=\"column-1\"><strong>Proteine<\/strong><\/td><td class=\"column-2\">3.1 g <\/td>\n<\/tr>\n<tr class=\"row-8\">\n\t<td class=\"column-1\"><strong>Sale<\/strong><\/td><td class=\"column-2\">0.1 g<\/td>\n<\/tr>\n<\/tbody>\n<\/table>\n\n","protected":false},"excerpt":{"rendered":"<p><strong>Poids brut : 530 g \u2013 poids \u00e9goutt\u00e9 : 280 g<\/strong><\/p>\n<p>Pour ceux qui souhaitent go\u00fbter la saveur du printemps toute l\u2019ann\u00e9e, nous proposons nos asperges, blanches et vertes, cueillies et imm\u00e9diatement pr\u00e9par\u00e9es pour \u00eatre conserv\u00e9es juste dans de l\u2019eau et du sel, dans des bocaux herm\u00e9tiques.<\/p>\n","protected":false},"featured_media":5166,"template":"","meta":[],"product_cat":[85],"product_tag":[],"acf":[],"yoast_head":"<!-- This site is optimized with the Yoast SEO plugin v20.1 - https:\/\/yoast.com\/wordpress\/plugins\/seo\/ -->\n<title>Asperges vertes au naturel en bocal - Fantin Asparagi<\/title>\n<meta name=\"description\" content=\"Pour d\u00e9guster au mieux les asperges, nous sugg\u00e9rons de r\u00e9chauffer le bocal ouvert au bain-marie, pendant quelques minutes\" \/>\n<meta name=\"robots\" content=\"index, follow, max-snippet:-1, max-image-preview:large, max-video-preview:-1\" \/>\n<link rel=\"canonical\" href=\"https:\/\/fantinasparagi.com\/fr\/prod\/asperges-vertes-au-naturel-en-bocal\/\" \/>\n<meta property=\"og:locale\" content=\"fr_FR\" \/>\n<meta property=\"og:type\" content=\"article\" \/>\n<meta property=\"og:title\" content=\"Asperges vertes au naturel en bocal - Fantin Asparagi\" \/>\n<meta property=\"og:description\" content=\"Pour d\u00e9guster au mieux les asperges, nous sugg\u00e9rons de r\u00e9chauffer le bocal ouvert au bain-marie, pendant quelques minutes\" \/>\n<meta property=\"og:url\" content=\"https:\/\/fantinasparagi.com\/fr\/prod\/asperges-vertes-au-naturel-en-bocal\/\" \/>\n<meta property=\"og:site_name\" content=\"Fantin Asparagi\" \/>\n<meta property=\"article:modified_time\" content=\"2024-11-04T10:01:53+00:00\" \/>\n<meta property=\"og:image\" content=\"https:\/\/fantinasparagi.com\/wp-content\/uploads\/2021\/03\/vaso-asparagi-verdi.jpg\" \/>\n\t<meta property=\"og:image:width\" content=\"1002\" \/>\n\t<meta property=\"og:image:height\" content=\"1250\" \/>\n\t<meta property=\"og:image:type\" content=\"image\/jpeg\" \/>\n<meta name=\"twitter:card\" content=\"summary_large_image\" \/>\n<meta name=\"twitter:label1\" content=\"Dur\u00e9e de lecture estim\u00e9e\" \/>\n\t<meta name=\"twitter:data1\" content=\"1 minute\" \/>\n<script type=\"application\/ld+json\" class=\"yoast-schema-graph\">{\"@context\":\"https:\/\/schema.org\",\"@graph\":[{\"@type\":\"WebPage\",\"@id\":\"https:\/\/fantinasparagi.com\/fr\/prod\/asperges-vertes-au-naturel-en-bocal\/\",\"url\":\"https:\/\/fantinasparagi.com\/fr\/prod\/asperges-vertes-au-naturel-en-bocal\/\",\"name\":\"Asperges vertes au naturel en bocal - Fantin Asparagi\",\"isPartOf\":{\"@id\":\"https:\/\/fantinasparagi.com\/#website\"},\"datePublished\":\"2019-03-26T15:48:13+00:00\",\"dateModified\":\"2024-11-04T10:01:53+00:00\",\"description\":\"Pour d\u00e9guster au mieux les asperges, nous sugg\u00e9rons de r\u00e9chauffer le bocal ouvert au bain-marie, pendant quelques minutes\",\"breadcrumb\":{\"@id\":\"https:\/\/fantinasparagi.com\/fr\/prod\/asperges-vertes-au-naturel-en-bocal\/#breadcrumb\"},\"inLanguage\":\"fr-FR\",\"potentialAction\":[{\"@type\":\"ReadAction\",\"target\":[\"https:\/\/fantinasparagi.com\/fr\/prod\/asperges-vertes-au-naturel-en-bocal\/\"]}]},{\"@type\":\"BreadcrumbList\",\"@id\":\"https:\/\/fantinasparagi.com\/fr\/prod\/asperges-vertes-au-naturel-en-bocal\/#breadcrumb\",\"itemListElement\":[{\"@type\":\"ListItem\",\"position\":1,\"name\":\"Home\",\"item\":\"https:\/\/fantinasparagi.com\/fr\/\"},{\"@type\":\"ListItem\",\"position\":2,\"name\":\"Shop online\",\"item\":\"https:\/\/fantinasparagi.com\/fr\/shop-online\/\"},{\"@type\":\"ListItem\",\"position\":3,\"name\":\"Asperges vertes au naturel en bocal\"}]},{\"@type\":\"WebSite\",\"@id\":\"https:\/\/fantinasparagi.com\/#website\",\"url\":\"https:\/\/fantinasparagi.com\/\",\"name\":\"Fantin Asparagi\",\"description\":\"\",\"potentialAction\":[{\"@type\":\"SearchAction\",\"target\":{\"@type\":\"EntryPoint\",\"urlTemplate\":\"https:\/\/fantinasparagi.com\/?s={search_term_string}\"},\"query-input\":\"required name=search_term_string\"}],\"inLanguage\":\"fr-FR\"}]}<\/script>\n<!-- \/ Yoast SEO plugin. -->","yoast_head_json":{"title":"Asperges vertes au naturel en bocal - Fantin Asparagi","description":"Pour d\u00e9guster au mieux les asperges, nous sugg\u00e9rons de r\u00e9chauffer le bocal ouvert au bain-marie, pendant quelques minutes","robots":{"index":"index","follow":"follow","max-snippet":"max-snippet:-1","max-image-preview":"max-image-preview:large","max-video-preview":"max-video-preview:-1"},"canonical":"https:\/\/fantinasparagi.com\/fr\/prod\/asperges-vertes-au-naturel-en-bocal\/","og_locale":"fr_FR","og_type":"article","og_title":"Asperges vertes au naturel en bocal - Fantin Asparagi","og_description":"Pour d\u00e9guster au mieux les asperges, nous sugg\u00e9rons de r\u00e9chauffer le bocal ouvert au bain-marie, pendant quelques minutes","og_url":"https:\/\/fantinasparagi.com\/fr\/prod\/asperges-vertes-au-naturel-en-bocal\/","og_site_name":"Fantin Asparagi","article_modified_time":"2024-11-04T10:01:53+00:00","og_image":[{"width":1002,"height":1250,"url":"https:\/\/fantinasparagi.com\/wp-content\/uploads\/2021\/03\/vaso-asparagi-verdi.jpg","type":"image\/jpeg"}],"twitter_card":"summary_large_image","twitter_misc":{"Dur\u00e9e de lecture estim\u00e9e":"1 minute"},"schema":{"@context":"https:\/\/schema.org","@graph":[{"@type":"WebPage","@id":"https:\/\/fantinasparagi.com\/fr\/prod\/asperges-vertes-au-naturel-en-bocal\/","url":"https:\/\/fantinasparagi.com\/fr\/prod\/asperges-vertes-au-naturel-en-bocal\/","name":"Asperges vertes au naturel en bocal - Fantin Asparagi","isPartOf":{"@id":"https:\/\/fantinasparagi.com\/#website"},"datePublished":"2019-03-26T15:48:13+00:00","dateModified":"2024-11-04T10:01:53+00:00","description":"Pour d\u00e9guster au mieux les asperges, nous sugg\u00e9rons de r\u00e9chauffer le bocal ouvert au bain-marie, pendant quelques minutes","breadcrumb":{"@id":"https:\/\/fantinasparagi.com\/fr\/prod\/asperges-vertes-au-naturel-en-bocal\/#breadcrumb"},"inLanguage":"fr-FR","potentialAction":[{"@type":"ReadAction","target":["https:\/\/fantinasparagi.com\/fr\/prod\/asperges-vertes-au-naturel-en-bocal\/"]}]},{"@type":"BreadcrumbList","@id":"https:\/\/fantinasparagi.com\/fr\/prod\/asperges-vertes-au-naturel-en-bocal\/#breadcrumb","itemListElement":[{"@type":"ListItem","position":1,"name":"Home","item":"https:\/\/fantinasparagi.com\/fr\/"},{"@type":"ListItem","position":2,"name":"Shop online","item":"https:\/\/fantinasparagi.com\/fr\/shop-online\/"},{"@type":"ListItem","position":3,"name":"Asperges vertes au naturel en bocal"}]},{"@type":"WebSite","@id":"https:\/\/fantinasparagi.com\/#website","url":"https:\/\/fantinasparagi.com\/","name":"Fantin Asparagi","description":"","potentialAction":[{"@type":"SearchAction","target":{"@type":"EntryPoint","urlTemplate":"https:\/\/fantinasparagi.com\/?s={search_term_string}"},"query-input":"required name=search_term_string"}],"inLanguage":"fr-FR"}]}},"_links":{"self":[{"href":"https:\/\/fantinasparagi.com\/fr\/wp-json\/wp\/v2\/product\/5282"}],"collection":[{"href":"https:\/\/fantinasparagi.com\/fr\/wp-json\/wp\/v2\/product"}],"about":[{"href":"https:\/\/fantinasparagi.com\/fr\/wp-json\/wp\/v2\/types\/product"}],"wp:featuredmedia":[{"embeddable":true,"href":"https:\/\/fantinasparagi.com\/fr\/wp-json\/wp\/v2\/media\/5166"}],"wp:attachment":[{"href":"https:\/\/fantinasparagi.com\/fr\/wp-json\/wp\/v2\/media?parent=5282"}],"wp:term":[{"taxonomy":"product_cat","embeddable":true,"href":"https:\/\/fantinasparagi.com\/fr\/wp-json\/wp\/v2\/product_cat?post=5282"},{"taxonomy":"product_tag","embeddable":true,"href":"https:\/\/fantinasparagi.com\/fr\/wp-json\/wp\/v2\/product_tag?post=5282"}],"curies":[{"name":"wp","href":"https:\/\/api.w.org\/{rel}","templated":true}]}}