{"id":5276,"date":"2019-03-26T14:49:47","date_gmt":"2019-03-26T14:49:47","guid":{"rendered":"https:\/\/staging.fantinasparagi.com\/prod\/asparago-selvatico\/"},"modified":"2022-09-26T09:56:55","modified_gmt":"2022-09-26T09:56:55","slug":"asperges-sauvages","status":"publish","type":"product","link":"https:\/\/fantinasparagi.com\/fr\/prod\/asperges-sauvages\/","title":{"rendered":"Asperges sauvages"},"content":{"rendered":"<p><span style=\"font-weight: 400;\">Les asperges cultiv\u00e9es sont appel\u00e9es Asparagus officinalis tandis que les asperges sauvages sont appel\u00e9es Asparagus acutifolius. Les deux esp\u00e8ces appartiennent \u00e0 la famille des Liliac\u00e9es, comme l\u2019ail et l\u2019oignon, et leur r\u00e9colte a lieu juste quelques mois par an, entre mars et mai. <\/span><\/p>\n<p><span style=\"font-weight: 400;\">Vu leur go\u00fbt intense et prononc\u00e9, nous conseillons de faire bouillir rapidement les\u00a0 asperges sauvages et de les utiliser en cuisine avec mod\u00e9ration. <\/span><\/p>\n<p><span style=\"font-weight: 400;\">Gr\u00e2ce \u00e0 leurs particularit\u00e9s, les asperges sauvages ne sont pas s\u00e9lectionn\u00e9es selon le calibrage<\/span><\/p>\n","protected":false},"excerpt":{"rendered":"<p><strong>Bouquet d\u2019environ 200 g.<\/strong><\/p>\n<p>Les asperges sauvages, qui sont bonnes pour la sant\u00e9, poussent spontan\u00e9ment, sont fines et ont une couleur uniforme. Elles poss\u00e8dent une saveur plus prononc\u00e9e que les vari\u00e9t\u00e9s cultiv\u00e9es, et se pr\u00eatent ainsi tr\u00e8s bien aux omelettes, soupes et risottos. Elles sont bonnes \u00e9galement seules, l\u00e9g\u00e8rement bouillies et agr\u00e9ment\u00e9es de beurre d\u2019anchois.<\/p>\n","protected":false},"featured_media":6650,"template":"","meta":[],"product_cat":[87],"product_tag":[],"acf":[],"yoast_head":"<!-- This site is optimized with the Yoast SEO plugin v20.1 - https:\/\/yoast.com\/wordpress\/plugins\/seo\/ -->\n<title>Asperges sauvages - Fantin Asparagi<\/title>\n<meta name=\"description\" content=\"Les asperges cultiv\u00e9es sont appel\u00e9es Asparagus officinalis tandis que les asperges sauvages sont appel\u00e9es Asparagus acutifolius\" \/>\n<meta name=\"robots\" content=\"index, follow, max-snippet:-1, max-image-preview:large, max-video-preview:-1\" \/>\n<link rel=\"canonical\" href=\"https:\/\/fantinasparagi.com\/fr\/prod\/asperges-sauvages\/\" \/>\n<meta property=\"og:locale\" content=\"fr_FR\" \/>\n<meta property=\"og:type\" content=\"article\" \/>\n<meta property=\"og:title\" content=\"Asperges sauvages - Fantin Asparagi\" \/>\n<meta property=\"og:description\" content=\"Les asperges cultiv\u00e9es sont appel\u00e9es Asparagus officinalis tandis que les asperges sauvages sont appel\u00e9es Asparagus acutifolius\" \/>\n<meta property=\"og:url\" content=\"https:\/\/fantinasparagi.com\/fr\/prod\/asperges-sauvages\/\" \/>\n<meta property=\"og:site_name\" content=\"Fantin Asparagi\" \/>\n<meta property=\"article:modified_time\" content=\"2022-09-26T09:56:55+00:00\" \/>\n<meta property=\"og:image\" content=\"https:\/\/fantinasparagi.com\/wp-content\/uploads\/2021\/03\/selvatico.jpg\" \/>\n\t<meta property=\"og:image:width\" content=\"1002\" \/>\n\t<meta property=\"og:image:height\" content=\"1250\" \/>\n\t<meta property=\"og:image:type\" content=\"image\/jpeg\" \/>\n<meta name=\"twitter:card\" content=\"summary_large_image\" \/>\n<meta name=\"twitter:label1\" content=\"Dur\u00e9e de lecture estim\u00e9e\" \/>\n\t<meta name=\"twitter:data1\" content=\"1 minute\" \/>\n<script type=\"application\/ld+json\" class=\"yoast-schema-graph\">{\"@context\":\"https:\/\/schema.org\",\"@graph\":[{\"@type\":\"WebPage\",\"@id\":\"https:\/\/fantinasparagi.com\/fr\/prod\/asperges-sauvages\/\",\"url\":\"https:\/\/fantinasparagi.com\/fr\/prod\/asperges-sauvages\/\",\"name\":\"Asperges sauvages - Fantin Asparagi\",\"isPartOf\":{\"@id\":\"https:\/\/fantinasparagi.com\/#website\"},\"datePublished\":\"2019-03-26T14:49:47+00:00\",\"dateModified\":\"2022-09-26T09:56:55+00:00\",\"description\":\"Les asperges cultiv\u00e9es sont appel\u00e9es Asparagus officinalis tandis que les asperges sauvages sont appel\u00e9es Asparagus acutifolius\",\"breadcrumb\":{\"@id\":\"https:\/\/fantinasparagi.com\/fr\/prod\/asperges-sauvages\/#breadcrumb\"},\"inLanguage\":\"fr-FR\",\"potentialAction\":[{\"@type\":\"ReadAction\",\"target\":[\"https:\/\/fantinasparagi.com\/fr\/prod\/asperges-sauvages\/\"]}]},{\"@type\":\"BreadcrumbList\",\"@id\":\"https:\/\/fantinasparagi.com\/fr\/prod\/asperges-sauvages\/#breadcrumb\",\"itemListElement\":[{\"@type\":\"ListItem\",\"position\":1,\"name\":\"Home\",\"item\":\"https:\/\/fantinasparagi.com\/fr\/\"},{\"@type\":\"ListItem\",\"position\":2,\"name\":\"Shop online\",\"item\":\"https:\/\/fantinasparagi.com\/fr\/shop-online\/\"},{\"@type\":\"ListItem\",\"position\":3,\"name\":\"Asperges sauvages\"}]},{\"@type\":\"WebSite\",\"@id\":\"https:\/\/fantinasparagi.com\/#website\",\"url\":\"https:\/\/fantinasparagi.com\/\",\"name\":\"Fantin Asparagi\",\"description\":\"\",\"potentialAction\":[{\"@type\":\"SearchAction\",\"target\":{\"@type\":\"EntryPoint\",\"urlTemplate\":\"https:\/\/fantinasparagi.com\/?s={search_term_string}\"},\"query-input\":\"required name=search_term_string\"}],\"inLanguage\":\"fr-FR\"}]}<\/script>\n<!-- \/ Yoast SEO plugin. -->","yoast_head_json":{"title":"Asperges sauvages - Fantin Asparagi","description":"Les asperges cultiv\u00e9es sont appel\u00e9es Asparagus officinalis tandis que les asperges sauvages sont appel\u00e9es Asparagus acutifolius","robots":{"index":"index","follow":"follow","max-snippet":"max-snippet:-1","max-image-preview":"max-image-preview:large","max-video-preview":"max-video-preview:-1"},"canonical":"https:\/\/fantinasparagi.com\/fr\/prod\/asperges-sauvages\/","og_locale":"fr_FR","og_type":"article","og_title":"Asperges sauvages - Fantin Asparagi","og_description":"Les asperges cultiv\u00e9es sont appel\u00e9es Asparagus officinalis tandis que les asperges sauvages sont appel\u00e9es Asparagus acutifolius","og_url":"https:\/\/fantinasparagi.com\/fr\/prod\/asperges-sauvages\/","og_site_name":"Fantin Asparagi","article_modified_time":"2022-09-26T09:56:55+00:00","og_image":[{"width":1002,"height":1250,"url":"https:\/\/fantinasparagi.com\/wp-content\/uploads\/2021\/03\/selvatico.jpg","type":"image\/jpeg"}],"twitter_card":"summary_large_image","twitter_misc":{"Dur\u00e9e de lecture estim\u00e9e":"1 minute"},"schema":{"@context":"https:\/\/schema.org","@graph":[{"@type":"WebPage","@id":"https:\/\/fantinasparagi.com\/fr\/prod\/asperges-sauvages\/","url":"https:\/\/fantinasparagi.com\/fr\/prod\/asperges-sauvages\/","name":"Asperges sauvages - Fantin Asparagi","isPartOf":{"@id":"https:\/\/fantinasparagi.com\/#website"},"datePublished":"2019-03-26T14:49:47+00:00","dateModified":"2022-09-26T09:56:55+00:00","description":"Les asperges cultiv\u00e9es sont appel\u00e9es Asparagus officinalis tandis que les asperges sauvages sont appel\u00e9es Asparagus acutifolius","breadcrumb":{"@id":"https:\/\/fantinasparagi.com\/fr\/prod\/asperges-sauvages\/#breadcrumb"},"inLanguage":"fr-FR","potentialAction":[{"@type":"ReadAction","target":["https:\/\/fantinasparagi.com\/fr\/prod\/asperges-sauvages\/"]}]},{"@type":"BreadcrumbList","@id":"https:\/\/fantinasparagi.com\/fr\/prod\/asperges-sauvages\/#breadcrumb","itemListElement":[{"@type":"ListItem","position":1,"name":"Home","item":"https:\/\/fantinasparagi.com\/fr\/"},{"@type":"ListItem","position":2,"name":"Shop online","item":"https:\/\/fantinasparagi.com\/fr\/shop-online\/"},{"@type":"ListItem","position":3,"name":"Asperges sauvages"}]},{"@type":"WebSite","@id":"https:\/\/fantinasparagi.com\/#website","url":"https:\/\/fantinasparagi.com\/","name":"Fantin Asparagi","description":"","potentialAction":[{"@type":"SearchAction","target":{"@type":"EntryPoint","urlTemplate":"https:\/\/fantinasparagi.com\/?s={search_term_string}"},"query-input":"required name=search_term_string"}],"inLanguage":"fr-FR"}]}},"_links":{"self":[{"href":"https:\/\/fantinasparagi.com\/fr\/wp-json\/wp\/v2\/product\/5276"}],"collection":[{"href":"https:\/\/fantinasparagi.com\/fr\/wp-json\/wp\/v2\/product"}],"about":[{"href":"https:\/\/fantinasparagi.com\/fr\/wp-json\/wp\/v2\/types\/product"}],"wp:featuredmedia":[{"embeddable":true,"href":"https:\/\/fantinasparagi.com\/fr\/wp-json\/wp\/v2\/media\/6650"}],"wp:attachment":[{"href":"https:\/\/fantinasparagi.com\/fr\/wp-json\/wp\/v2\/media?parent=5276"}],"wp:term":[{"taxonomy":"product_cat","embeddable":true,"href":"https:\/\/fantinasparagi.com\/fr\/wp-json\/wp\/v2\/product_cat?post=5276"},{"taxonomy":"product_tag","embeddable":true,"href":"https:\/\/fantinasparagi.com\/fr\/wp-json\/wp\/v2\/product_tag?post=5276"}],"curies":[{"name":"wp","href":"https:\/\/api.w.org\/{rel}","templated":true}]}}