{"id":5271,"date":"2019-03-26T14:49:47","date_gmt":"2019-03-26T14:49:47","guid":{"rendered":"https:\/\/staging.fantinasparagi.com\/prod\/asparago-verde-chiaro\/"},"modified":"2022-09-26T09:51:03","modified_gmt":"2022-09-26T09:51:03","slug":"asperges-vert-clair","status":"publish","type":"product","link":"https:\/\/fantinasparagi.com\/fr\/prod\/asperges-vert-clair\/","title":{"rendered":"Asperges vert clair"},"content":{"rendered":"<p><span style=\"font-weight: 400;\">La typologie verte est peu calorique et riche en acide folique, vitamine du groupe B, et asparagine, substance qui augmente la r\u00e9sistance contre la fatigue. Comme les asperges blanches, les asperges vertes ont des propri\u00e9t\u00e9s anti-oxydantes, diur\u00e9tiques et d\u00e9toxifiantes. Elles repr\u00e9sentent un hors-d\u2019\u0153uvre gourmand et plaisent aux fins gourmets, permettant de cuisiner des plats de p\u00e2tes ou riz raffin\u00e9s, ou des accompagnements d\u00e9licats mais savoureux et l\u00e9gers. <\/span><\/p>\n<p><span style=\"font-weight: 400;\">Gr\u00e2ce \u00e0 leurs particularit\u00e9s, les asperges vert clair ne sont pas s\u00e9lectionn\u00e9es selon le calibrage.<\/span><\/p>\n","protected":false},"excerpt":{"rendered":"<p><strong>Bouquet de 1 kg.<\/strong><\/p>\n<p>Star du printemps, les asperges vertes sont des pousses jeunes et tendres que l\u2019on associe au r\u00e9veil de la nature.<\/p>\n","protected":false},"featured_media":6647,"template":"","meta":[],"product_cat":[87],"product_tag":[],"acf":[],"yoast_head":"<!-- This site is optimized with the Yoast SEO plugin v20.1 - https:\/\/yoast.com\/wordpress\/plugins\/seo\/ -->\n<title>Asperges vert clair - Fantin Asparagi<\/title>\n<meta name=\"description\" content=\"La typologie verte est peu calorique et riche en acide folique, vitamine du groupe B, et asparagine, substance qui augmente la r\u00e9sistance contre la fatigue\" \/>\n<meta name=\"robots\" content=\"index, follow, max-snippet:-1, max-image-preview:large, max-video-preview:-1\" \/>\n<link rel=\"canonical\" href=\"https:\/\/fantinasparagi.com\/fr\/prod\/asperges-vert-clair\/\" \/>\n<meta property=\"og:locale\" content=\"fr_FR\" \/>\n<meta property=\"og:type\" content=\"article\" \/>\n<meta property=\"og:title\" content=\"Asperges vert clair - Fantin Asparagi\" \/>\n<meta property=\"og:description\" content=\"La typologie verte est peu calorique et riche en acide folique, vitamine du groupe B, et asparagine, substance qui augmente la r\u00e9sistance contre la fatigue\" \/>\n<meta property=\"og:url\" content=\"https:\/\/fantinasparagi.com\/fr\/prod\/asperges-vert-clair\/\" \/>\n<meta property=\"og:site_name\" content=\"Fantin Asparagi\" \/>\n<meta property=\"article:modified_time\" content=\"2022-09-26T09:51:03+00:00\" \/>\n<meta property=\"og:image\" content=\"https:\/\/fantinasparagi.com\/wp-content\/uploads\/2021\/03\/verde-chiaro.jpg\" \/>\n\t<meta property=\"og:image:width\" content=\"1002\" \/>\n\t<meta property=\"og:image:height\" content=\"1250\" \/>\n\t<meta property=\"og:image:type\" content=\"image\/jpeg\" \/>\n<meta name=\"twitter:card\" content=\"summary_large_image\" \/>\n<meta name=\"twitter:label1\" content=\"Dur\u00e9e de lecture estim\u00e9e\" \/>\n\t<meta name=\"twitter:data1\" content=\"1 minute\" \/>\n<script type=\"application\/ld+json\" class=\"yoast-schema-graph\">{\"@context\":\"https:\/\/schema.org\",\"@graph\":[{\"@type\":\"WebPage\",\"@id\":\"https:\/\/fantinasparagi.com\/fr\/prod\/asperges-vert-clair\/\",\"url\":\"https:\/\/fantinasparagi.com\/fr\/prod\/asperges-vert-clair\/\",\"name\":\"Asperges vert clair - Fantin Asparagi\",\"isPartOf\":{\"@id\":\"https:\/\/fantinasparagi.com\/#website\"},\"datePublished\":\"2019-03-26T14:49:47+00:00\",\"dateModified\":\"2022-09-26T09:51:03+00:00\",\"description\":\"La typologie verte est peu calorique et riche en acide folique, vitamine du groupe B, et asparagine, substance qui augmente la r\u00e9sistance contre la fatigue\",\"breadcrumb\":{\"@id\":\"https:\/\/fantinasparagi.com\/fr\/prod\/asperges-vert-clair\/#breadcrumb\"},\"inLanguage\":\"fr-FR\",\"potentialAction\":[{\"@type\":\"ReadAction\",\"target\":[\"https:\/\/fantinasparagi.com\/fr\/prod\/asperges-vert-clair\/\"]}]},{\"@type\":\"BreadcrumbList\",\"@id\":\"https:\/\/fantinasparagi.com\/fr\/prod\/asperges-vert-clair\/#breadcrumb\",\"itemListElement\":[{\"@type\":\"ListItem\",\"position\":1,\"name\":\"Home\",\"item\":\"https:\/\/fantinasparagi.com\/fr\/\"},{\"@type\":\"ListItem\",\"position\":2,\"name\":\"Shop online\",\"item\":\"https:\/\/fantinasparagi.com\/fr\/shop-online\/\"},{\"@type\":\"ListItem\",\"position\":3,\"name\":\"Asperges vert clair\"}]},{\"@type\":\"WebSite\",\"@id\":\"https:\/\/fantinasparagi.com\/#website\",\"url\":\"https:\/\/fantinasparagi.com\/\",\"name\":\"Fantin Asparagi\",\"description\":\"\",\"potentialAction\":[{\"@type\":\"SearchAction\",\"target\":{\"@type\":\"EntryPoint\",\"urlTemplate\":\"https:\/\/fantinasparagi.com\/?s={search_term_string}\"},\"query-input\":\"required name=search_term_string\"}],\"inLanguage\":\"fr-FR\"}]}<\/script>\n<!-- \/ Yoast SEO plugin. -->","yoast_head_json":{"title":"Asperges vert clair - Fantin Asparagi","description":"La typologie verte est peu calorique et riche en acide folique, vitamine du groupe B, et asparagine, substance qui augmente la r\u00e9sistance contre la fatigue","robots":{"index":"index","follow":"follow","max-snippet":"max-snippet:-1","max-image-preview":"max-image-preview:large","max-video-preview":"max-video-preview:-1"},"canonical":"https:\/\/fantinasparagi.com\/fr\/prod\/asperges-vert-clair\/","og_locale":"fr_FR","og_type":"article","og_title":"Asperges vert clair - Fantin Asparagi","og_description":"La typologie verte est peu calorique et riche en acide folique, vitamine du groupe B, et asparagine, substance qui augmente la r\u00e9sistance contre la fatigue","og_url":"https:\/\/fantinasparagi.com\/fr\/prod\/asperges-vert-clair\/","og_site_name":"Fantin Asparagi","article_modified_time":"2022-09-26T09:51:03+00:00","og_image":[{"width":1002,"height":1250,"url":"https:\/\/fantinasparagi.com\/wp-content\/uploads\/2021\/03\/verde-chiaro.jpg","type":"image\/jpeg"}],"twitter_card":"summary_large_image","twitter_misc":{"Dur\u00e9e de lecture estim\u00e9e":"1 minute"},"schema":{"@context":"https:\/\/schema.org","@graph":[{"@type":"WebPage","@id":"https:\/\/fantinasparagi.com\/fr\/prod\/asperges-vert-clair\/","url":"https:\/\/fantinasparagi.com\/fr\/prod\/asperges-vert-clair\/","name":"Asperges vert clair - Fantin Asparagi","isPartOf":{"@id":"https:\/\/fantinasparagi.com\/#website"},"datePublished":"2019-03-26T14:49:47+00:00","dateModified":"2022-09-26T09:51:03+00:00","description":"La typologie verte est peu calorique et riche en acide folique, vitamine du groupe B, et asparagine, substance qui augmente la r\u00e9sistance contre la fatigue","breadcrumb":{"@id":"https:\/\/fantinasparagi.com\/fr\/prod\/asperges-vert-clair\/#breadcrumb"},"inLanguage":"fr-FR","potentialAction":[{"@type":"ReadAction","target":["https:\/\/fantinasparagi.com\/fr\/prod\/asperges-vert-clair\/"]}]},{"@type":"BreadcrumbList","@id":"https:\/\/fantinasparagi.com\/fr\/prod\/asperges-vert-clair\/#breadcrumb","itemListElement":[{"@type":"ListItem","position":1,"name":"Home","item":"https:\/\/fantinasparagi.com\/fr\/"},{"@type":"ListItem","position":2,"name":"Shop online","item":"https:\/\/fantinasparagi.com\/fr\/shop-online\/"},{"@type":"ListItem","position":3,"name":"Asperges vert clair"}]},{"@type":"WebSite","@id":"https:\/\/fantinasparagi.com\/#website","url":"https:\/\/fantinasparagi.com\/","name":"Fantin Asparagi","description":"","potentialAction":[{"@type":"SearchAction","target":{"@type":"EntryPoint","urlTemplate":"https:\/\/fantinasparagi.com\/?s={search_term_string}"},"query-input":"required name=search_term_string"}],"inLanguage":"fr-FR"}]}},"_links":{"self":[{"href":"https:\/\/fantinasparagi.com\/fr\/wp-json\/wp\/v2\/product\/5271"}],"collection":[{"href":"https:\/\/fantinasparagi.com\/fr\/wp-json\/wp\/v2\/product"}],"about":[{"href":"https:\/\/fantinasparagi.com\/fr\/wp-json\/wp\/v2\/types\/product"}],"wp:featuredmedia":[{"embeddable":true,"href":"https:\/\/fantinasparagi.com\/fr\/wp-json\/wp\/v2\/media\/6647"}],"wp:attachment":[{"href":"https:\/\/fantinasparagi.com\/fr\/wp-json\/wp\/v2\/media?parent=5271"}],"wp:term":[{"taxonomy":"product_cat","embeddable":true,"href":"https:\/\/fantinasparagi.com\/fr\/wp-json\/wp\/v2\/product_cat?post=5271"},{"taxonomy":"product_tag","embeddable":true,"href":"https:\/\/fantinasparagi.com\/fr\/wp-json\/wp\/v2\/product_tag?post=5271"}],"curies":[{"name":"wp","href":"https:\/\/api.w.org\/{rel}","templated":true}]}}