{"id":5252,"date":"2019-03-26T14:49:47","date_gmt":"2019-03-26T14:49:47","guid":{"rendered":"https:\/\/staging.fantinasparagi.com\/prod\/asparago-verde-extra\/"},"modified":"2025-04-17T09:38:35","modified_gmt":"2025-04-17T09:38:35","slug":"asperges-igp-badoere-vertes-extra","status":"publish","type":"product","link":"https:\/\/fantinasparagi.com\/fr\/prod\/asperges-igp-badoere-vertes-extra\/","title":{"rendered":"Asperges IGP de Badoere vertes extra"},"content":{"rendered":"<p><span style=\"font-weight: 400;\">Les turions verts pr\u00e9sentent une saveur plus prononc\u00e9e que les blancs, pas acide ni sal\u00e9e, avec un ar\u00f4me fruit\u00e9 et herbeux persistant. Les asperges fra\u00eeches \u00e0 l\u2019achat se reconnaissent \u00e0 leurs pointes droites et ferm\u00e9es. Les tiges doivent quant \u00e0 elles \u00eatre dures, de la m\u00eame \u00e9paisseur et sans taches<\/span>.<\/p>\n\n<table id=\"tablepress-7\" class=\"tablepress tablepress-id-7\">\n<tbody>\n<tr class=\"row-1\">\n\t<td class=\"column-1\"><strong>Forme<\/strong><\/td><td class=\"column-2\">turion droit, avec possible l\u00e9g\u00e8re d\u00e9viation de la pointe, apex tr\u00e8s ferm\u00e9<br \/>\n<\/td>\n<\/tr>\n<tr class=\"row-2\">\n\t<td class=\"column-1\"><strong>Couleur<\/strong><\/td><td class=\"column-2\">pointes d\u2019un vert intense et brillant, avec possibles nuances violac\u00e9es ; tige (non sup\u00e9rieure \u00e0 5 % du turion) verte avec variations du violac\u00e9 au blanc<\/td>\n<\/tr>\n<tr class=\"row-3\">\n\t<td class=\"column-1\"><strong>Saveur<\/strong><\/td><td class=\"column-2\">douce et prononc\u00e9e, pas acide, pas sal\u00e9e, pas am\u00e8re, tendre, sans fibrosit\u00e9, ar\u00f4me fruit\u00e9 et herbeux persistant<\/td>\n<\/tr>\n<tr class=\"row-4\">\n\t<td class=\"column-1\"><strong>Calibre<\/strong><\/td><td class=\"column-2\">minimum 12 mm ; avec diff\u00e9rence maximale de 6 mm entre le turion le plus gros et le moins gros, au sein du m\u00eame bouquet<\/td>\n<\/tr>\n<tr class=\"row-5\">\n\t<td class=\"column-1\"><strong>Longueur<\/strong><\/td><td class=\"column-2\"> maximum 27 cm ; avec diff\u00e9rence maximale de 1 cm entre le turion le plus court et le plus long, au sein du m\u00eame bouquet<br \/>\n<\/td>\n<\/tr>\n<\/tbody>\n<\/table>\n<!-- #tablepress-7 from cache -->\n","protected":false},"excerpt":{"rendered":"<p><strong>Bouquet de 1 kg.<\/strong><\/p>\n<p>Les asperges vertes de Badoere I.G.P. sont des produits de l\u2019excellence agro-alimentaire europ\u00e9enne.<\/p>\n<p>Star du printemps, les asperges vertes sont des pousses jeunes et tendres que l\u2019on associe au r\u00e9veil de la nature. La typologie verte est peu calorique et riche en acide folique, vitamine du groupe B, et asparagine, substance qui augmente la r\u00e9sistance contre la fatigue. Comme les asperges blanches, les asperges vertes ont des propri\u00e9t\u00e9s anti-oxydantes, diur\u00e9tiques et d\u00e9toxifiantes. Elles repr\u00e9sentent un hors-d\u2019\u0153uvre gourmand et plaisent aux fins gourmets, permettant de cuisiner des plats de p\u00e2tes ou riz raffin\u00e9s, ou des accompagnements d\u00e9licats mais savoureux et l\u00e9gers.<\/p>\n","protected":false},"featured_media":6638,"template":"","meta":[],"product_cat":[87],"product_tag":[],"acf":[],"yoast_head":"<!-- This site is optimized with the Yoast SEO plugin v20.1 - https:\/\/yoast.com\/wordpress\/plugins\/seo\/ -->\n<title>Asperges IGP de Badoere vertes extra - Fantin Asparagi<\/title>\n<meta name=\"description\" content=\"Les turions verts pr\u00e9sentent une saveur plus prononc\u00e9e que les blancs, pas acide ni sal\u00e9e, avec un ar\u00f4me fruit\u00e9 et herbeux persistant\" \/>\n<meta name=\"robots\" content=\"index, follow, max-snippet:-1, max-image-preview:large, max-video-preview:-1\" \/>\n<link rel=\"canonical\" href=\"https:\/\/fantinasparagi.com\/fr\/prod\/asperges-igp-badoere-vertes-extra\/\" \/>\n<meta property=\"og:locale\" content=\"fr_FR\" \/>\n<meta property=\"og:type\" content=\"article\" \/>\n<meta property=\"og:title\" content=\"Asperges IGP de Badoere vertes extra - Fantin Asparagi\" \/>\n<meta property=\"og:description\" content=\"Les turions verts pr\u00e9sentent une saveur plus prononc\u00e9e que les blancs, pas acide ni sal\u00e9e, avec un ar\u00f4me fruit\u00e9 et herbeux persistant\" \/>\n<meta property=\"og:url\" content=\"https:\/\/fantinasparagi.com\/fr\/prod\/asperges-igp-badoere-vertes-extra\/\" \/>\n<meta property=\"og:site_name\" content=\"Fantin Asparagi\" \/>\n<meta property=\"article:modified_time\" content=\"2025-04-17T09:38:35+00:00\" \/>\n<meta property=\"og:image\" content=\"https:\/\/fantinasparagi.com\/wp-content\/uploads\/2019\/03\/verde-extra-fantin-asparagi.jpg\" \/>\n\t<meta property=\"og:image:width\" content=\"1002\" \/>\n\t<meta property=\"og:image:height\" content=\"1250\" \/>\n\t<meta property=\"og:image:type\" content=\"image\/jpeg\" \/>\n<meta name=\"twitter:card\" content=\"summary_large_image\" \/>\n<meta name=\"twitter:label1\" content=\"Dur\u00e9e de lecture estim\u00e9e\" \/>\n\t<meta name=\"twitter:data1\" content=\"1 minute\" \/>\n<script type=\"application\/ld+json\" class=\"yoast-schema-graph\">{\"@context\":\"https:\/\/schema.org\",\"@graph\":[{\"@type\":\"WebPage\",\"@id\":\"https:\/\/fantinasparagi.com\/fr\/prod\/asperges-igp-badoere-vertes-extra\/\",\"url\":\"https:\/\/fantinasparagi.com\/fr\/prod\/asperges-igp-badoere-vertes-extra\/\",\"name\":\"Asperges IGP de Badoere vertes extra - Fantin Asparagi\",\"isPartOf\":{\"@id\":\"https:\/\/fantinasparagi.com\/#website\"},\"datePublished\":\"2019-03-26T14:49:47+00:00\",\"dateModified\":\"2025-04-17T09:38:35+00:00\",\"description\":\"Les turions verts pr\u00e9sentent une saveur plus prononc\u00e9e que les blancs, pas acide ni sal\u00e9e, avec un ar\u00f4me fruit\u00e9 et herbeux persistant\",\"breadcrumb\":{\"@id\":\"https:\/\/fantinasparagi.com\/fr\/prod\/asperges-igp-badoere-vertes-extra\/#breadcrumb\"},\"inLanguage\":\"fr-FR\",\"potentialAction\":[{\"@type\":\"ReadAction\",\"target\":[\"https:\/\/fantinasparagi.com\/fr\/prod\/asperges-igp-badoere-vertes-extra\/\"]}]},{\"@type\":\"BreadcrumbList\",\"@id\":\"https:\/\/fantinasparagi.com\/fr\/prod\/asperges-igp-badoere-vertes-extra\/#breadcrumb\",\"itemListElement\":[{\"@type\":\"ListItem\",\"position\":1,\"name\":\"Home\",\"item\":\"https:\/\/fantinasparagi.com\/fr\/\"},{\"@type\":\"ListItem\",\"position\":2,\"name\":\"Shop online\",\"item\":\"https:\/\/fantinasparagi.com\/fr\/shop-online\/\"},{\"@type\":\"ListItem\",\"position\":3,\"name\":\"Asperges IGP de Badoere vertes extra\"}]},{\"@type\":\"WebSite\",\"@id\":\"https:\/\/fantinasparagi.com\/#website\",\"url\":\"https:\/\/fantinasparagi.com\/\",\"name\":\"Fantin Asparagi\",\"description\":\"\",\"potentialAction\":[{\"@type\":\"SearchAction\",\"target\":{\"@type\":\"EntryPoint\",\"urlTemplate\":\"https:\/\/fantinasparagi.com\/?s={search_term_string}\"},\"query-input\":\"required name=search_term_string\"}],\"inLanguage\":\"fr-FR\"}]}<\/script>\n<!-- \/ Yoast SEO plugin. -->","yoast_head_json":{"title":"Asperges IGP de Badoere vertes extra - Fantin Asparagi","description":"Les turions verts pr\u00e9sentent une saveur plus prononc\u00e9e que les blancs, pas acide ni sal\u00e9e, avec un ar\u00f4me fruit\u00e9 et herbeux persistant","robots":{"index":"index","follow":"follow","max-snippet":"max-snippet:-1","max-image-preview":"max-image-preview:large","max-video-preview":"max-video-preview:-1"},"canonical":"https:\/\/fantinasparagi.com\/fr\/prod\/asperges-igp-badoere-vertes-extra\/","og_locale":"fr_FR","og_type":"article","og_title":"Asperges IGP de Badoere vertes extra - Fantin Asparagi","og_description":"Les turions verts pr\u00e9sentent une saveur plus prononc\u00e9e que les blancs, pas acide ni sal\u00e9e, avec un ar\u00f4me fruit\u00e9 et herbeux persistant","og_url":"https:\/\/fantinasparagi.com\/fr\/prod\/asperges-igp-badoere-vertes-extra\/","og_site_name":"Fantin Asparagi","article_modified_time":"2025-04-17T09:38:35+00:00","og_image":[{"width":1002,"height":1250,"url":"https:\/\/fantinasparagi.com\/wp-content\/uploads\/2019\/03\/verde-extra-fantin-asparagi.jpg","type":"image\/jpeg"}],"twitter_card":"summary_large_image","twitter_misc":{"Dur\u00e9e de lecture estim\u00e9e":"1 minute"},"schema":{"@context":"https:\/\/schema.org","@graph":[{"@type":"WebPage","@id":"https:\/\/fantinasparagi.com\/fr\/prod\/asperges-igp-badoere-vertes-extra\/","url":"https:\/\/fantinasparagi.com\/fr\/prod\/asperges-igp-badoere-vertes-extra\/","name":"Asperges IGP de Badoere vertes extra - Fantin Asparagi","isPartOf":{"@id":"https:\/\/fantinasparagi.com\/#website"},"datePublished":"2019-03-26T14:49:47+00:00","dateModified":"2025-04-17T09:38:35+00:00","description":"Les turions verts pr\u00e9sentent une saveur plus prononc\u00e9e que les blancs, pas acide ni sal\u00e9e, avec un ar\u00f4me fruit\u00e9 et herbeux persistant","breadcrumb":{"@id":"https:\/\/fantinasparagi.com\/fr\/prod\/asperges-igp-badoere-vertes-extra\/#breadcrumb"},"inLanguage":"fr-FR","potentialAction":[{"@type":"ReadAction","target":["https:\/\/fantinasparagi.com\/fr\/prod\/asperges-igp-badoere-vertes-extra\/"]}]},{"@type":"BreadcrumbList","@id":"https:\/\/fantinasparagi.com\/fr\/prod\/asperges-igp-badoere-vertes-extra\/#breadcrumb","itemListElement":[{"@type":"ListItem","position":1,"name":"Home","item":"https:\/\/fantinasparagi.com\/fr\/"},{"@type":"ListItem","position":2,"name":"Shop online","item":"https:\/\/fantinasparagi.com\/fr\/shop-online\/"},{"@type":"ListItem","position":3,"name":"Asperges IGP de Badoere vertes extra"}]},{"@type":"WebSite","@id":"https:\/\/fantinasparagi.com\/#website","url":"https:\/\/fantinasparagi.com\/","name":"Fantin Asparagi","description":"","potentialAction":[{"@type":"SearchAction","target":{"@type":"EntryPoint","urlTemplate":"https:\/\/fantinasparagi.com\/?s={search_term_string}"},"query-input":"required name=search_term_string"}],"inLanguage":"fr-FR"}]}},"_links":{"self":[{"href":"https:\/\/fantinasparagi.com\/fr\/wp-json\/wp\/v2\/product\/5252"}],"collection":[{"href":"https:\/\/fantinasparagi.com\/fr\/wp-json\/wp\/v2\/product"}],"about":[{"href":"https:\/\/fantinasparagi.com\/fr\/wp-json\/wp\/v2\/types\/product"}],"wp:featuredmedia":[{"embeddable":true,"href":"https:\/\/fantinasparagi.com\/fr\/wp-json\/wp\/v2\/media\/6638"}],"wp:attachment":[{"href":"https:\/\/fantinasparagi.com\/fr\/wp-json\/wp\/v2\/media?parent=5252"}],"wp:term":[{"taxonomy":"product_cat","embeddable":true,"href":"https:\/\/fantinasparagi.com\/fr\/wp-json\/wp\/v2\/product_cat?post=5252"},{"taxonomy":"product_tag","embeddable":true,"href":"https:\/\/fantinasparagi.com\/fr\/wp-json\/wp\/v2\/product_tag?post=5252"}],"curies":[{"name":"wp","href":"https:\/\/api.w.org\/{rel}","templated":true}]}}