{"id":5241,"date":"2019-03-25T17:02:10","date_gmt":"2019-03-25T17:02:10","guid":{"rendered":"https:\/\/staging.fantinasparagi.com\/prod\/asparago-igp-badoere-verde\/"},"modified":"2025-04-17T09:33:29","modified_gmt":"2025-04-17T09:33:29","slug":"asperges-vertes-super","status":"publish","type":"product","link":"https:\/\/fantinasparagi.com\/fr\/prod\/asperges-vertes-super\/","title":{"rendered":"Asperges vertes super"},"content":{"rendered":"<p>Star du printemps, les asperges vertes sont des pousses jeunes et tendres que l\u2019on associe au r\u00e9veil de la nature. La typologie verte est peu calorique et riche en acide folique, vitamine du groupe B, et asparagine, substance qui augmente la r\u00e9sistance contre la fatigue. Comme les asperges blanches, les asperges vertes ont des propri\u00e9t\u00e9s anti-oxydantes, diur\u00e9tiques et d\u00e9toxifiantes.<\/p>\n<p>Elles repr\u00e9sentent un hors-d\u2019\u0153uvre gourmand et plaisent aux fins gourmets, permettant de cuisiner des plats de p\u00e2tes ou riz raffin\u00e9s, ou des accompagnements d\u00e9licats mais savoureux et l\u00e9gers. Les turions verts pr\u00e9sentent une saveur plus prononc\u00e9e que les blancs, pas acide ni sal\u00e9e, avec un ar\u00f4me fruit\u00e9 et herbeux persistant.<\/p>\n<p>Les asperges fra\u00eeches \u00e0 l\u2019achat se reconnaissent \u00e0 leurs pointes droites et ferm\u00e9es. Les tiges doivent quant \u00e0 elles \u00eatre dures, de la m\u00eame \u00e9paisseur et sans taches.<\/p>\n<p>&nbsp;<\/p>\n","protected":false},"excerpt":{"rendered":"<p><strong>Bouquet de 1 kg.<\/strong><\/p>\n<p>&nbsp;<\/p>\n","protected":false},"featured_media":6635,"template":"","meta":[],"product_cat":[87],"product_tag":[],"acf":[],"yoast_head":"<!-- This site is optimized with the Yoast SEO plugin v20.1 - https:\/\/yoast.com\/wordpress\/plugins\/seo\/ -->\n<title>Asperges vertes super - Fantin Asparagi<\/title>\n<meta name=\"description\" content=\"Star du printemps, les asperges vertes sont des pousses jeunes et tendres que l\u2019on associe au r\u00e9veil de la nature.\" \/>\n<meta name=\"robots\" content=\"index, follow, max-snippet:-1, max-image-preview:large, max-video-preview:-1\" \/>\n<link rel=\"canonical\" href=\"https:\/\/fantinasparagi.com\/fr\/prod\/asperges-vertes-super\/\" \/>\n<meta property=\"og:locale\" content=\"fr_FR\" \/>\n<meta property=\"og:type\" content=\"article\" \/>\n<meta property=\"og:title\" content=\"Asperges vertes super - Fantin Asparagi\" \/>\n<meta property=\"og:description\" content=\"Star du printemps, les asperges vertes sont des pousses jeunes et tendres que l\u2019on associe au r\u00e9veil de la nature.\" \/>\n<meta property=\"og:url\" content=\"https:\/\/fantinasparagi.com\/fr\/prod\/asperges-vertes-super\/\" \/>\n<meta property=\"og:site_name\" content=\"Fantin Asparagi\" \/>\n<meta property=\"article:modified_time\" content=\"2025-04-17T09:33:29+00:00\" \/>\n<meta property=\"og:image\" content=\"https:\/\/fantinasparagi.com\/wp-content\/uploads\/2019\/03\/verde-super-fantin-asparagi.jpg\" \/>\n\t<meta property=\"og:image:width\" content=\"1002\" \/>\n\t<meta property=\"og:image:height\" content=\"1250\" \/>\n\t<meta property=\"og:image:type\" content=\"image\/jpeg\" \/>\n<meta name=\"twitter:card\" content=\"summary_large_image\" \/>\n<meta name=\"twitter:label1\" content=\"Dur\u00e9e de lecture estim\u00e9e\" \/>\n\t<meta name=\"twitter:data1\" content=\"1 minute\" \/>\n<script type=\"application\/ld+json\" class=\"yoast-schema-graph\">{\"@context\":\"https:\/\/schema.org\",\"@graph\":[{\"@type\":\"WebPage\",\"@id\":\"https:\/\/fantinasparagi.com\/fr\/prod\/asperges-vertes-super\/\",\"url\":\"https:\/\/fantinasparagi.com\/fr\/prod\/asperges-vertes-super\/\",\"name\":\"Asperges vertes super - Fantin Asparagi\",\"isPartOf\":{\"@id\":\"https:\/\/fantinasparagi.com\/#website\"},\"datePublished\":\"2019-03-25T17:02:10+00:00\",\"dateModified\":\"2025-04-17T09:33:29+00:00\",\"description\":\"Star du printemps, les asperges vertes sont des pousses jeunes et tendres que l\u2019on associe au r\u00e9veil de la nature.\",\"breadcrumb\":{\"@id\":\"https:\/\/fantinasparagi.com\/fr\/prod\/asperges-vertes-super\/#breadcrumb\"},\"inLanguage\":\"fr-FR\",\"potentialAction\":[{\"@type\":\"ReadAction\",\"target\":[\"https:\/\/fantinasparagi.com\/fr\/prod\/asperges-vertes-super\/\"]}]},{\"@type\":\"BreadcrumbList\",\"@id\":\"https:\/\/fantinasparagi.com\/fr\/prod\/asperges-vertes-super\/#breadcrumb\",\"itemListElement\":[{\"@type\":\"ListItem\",\"position\":1,\"name\":\"Home\",\"item\":\"https:\/\/fantinasparagi.com\/fr\/\"},{\"@type\":\"ListItem\",\"position\":2,\"name\":\"Shop online\",\"item\":\"https:\/\/fantinasparagi.com\/fr\/shop-online\/\"},{\"@type\":\"ListItem\",\"position\":3,\"name\":\"Asperges vertes super\"}]},{\"@type\":\"WebSite\",\"@id\":\"https:\/\/fantinasparagi.com\/#website\",\"url\":\"https:\/\/fantinasparagi.com\/\",\"name\":\"Fantin Asparagi\",\"description\":\"\",\"potentialAction\":[{\"@type\":\"SearchAction\",\"target\":{\"@type\":\"EntryPoint\",\"urlTemplate\":\"https:\/\/fantinasparagi.com\/?s={search_term_string}\"},\"query-input\":\"required name=search_term_string\"}],\"inLanguage\":\"fr-FR\"}]}<\/script>\n<!-- \/ Yoast SEO plugin. -->","yoast_head_json":{"title":"Asperges vertes super - Fantin Asparagi","description":"Star du printemps, les asperges vertes sont des pousses jeunes et tendres que l\u2019on associe au r\u00e9veil de la nature.","robots":{"index":"index","follow":"follow","max-snippet":"max-snippet:-1","max-image-preview":"max-image-preview:large","max-video-preview":"max-video-preview:-1"},"canonical":"https:\/\/fantinasparagi.com\/fr\/prod\/asperges-vertes-super\/","og_locale":"fr_FR","og_type":"article","og_title":"Asperges vertes super - Fantin Asparagi","og_description":"Star du printemps, les asperges vertes sont des pousses jeunes et tendres que l\u2019on associe au r\u00e9veil de la nature.","og_url":"https:\/\/fantinasparagi.com\/fr\/prod\/asperges-vertes-super\/","og_site_name":"Fantin Asparagi","article_modified_time":"2025-04-17T09:33:29+00:00","og_image":[{"width":1002,"height":1250,"url":"https:\/\/fantinasparagi.com\/wp-content\/uploads\/2019\/03\/verde-super-fantin-asparagi.jpg","type":"image\/jpeg"}],"twitter_card":"summary_large_image","twitter_misc":{"Dur\u00e9e de lecture estim\u00e9e":"1 minute"},"schema":{"@context":"https:\/\/schema.org","@graph":[{"@type":"WebPage","@id":"https:\/\/fantinasparagi.com\/fr\/prod\/asperges-vertes-super\/","url":"https:\/\/fantinasparagi.com\/fr\/prod\/asperges-vertes-super\/","name":"Asperges vertes super - Fantin Asparagi","isPartOf":{"@id":"https:\/\/fantinasparagi.com\/#website"},"datePublished":"2019-03-25T17:02:10+00:00","dateModified":"2025-04-17T09:33:29+00:00","description":"Star du printemps, les asperges vertes sont des pousses jeunes et tendres que l\u2019on associe au r\u00e9veil de la nature.","breadcrumb":{"@id":"https:\/\/fantinasparagi.com\/fr\/prod\/asperges-vertes-super\/#breadcrumb"},"inLanguage":"fr-FR","potentialAction":[{"@type":"ReadAction","target":["https:\/\/fantinasparagi.com\/fr\/prod\/asperges-vertes-super\/"]}]},{"@type":"BreadcrumbList","@id":"https:\/\/fantinasparagi.com\/fr\/prod\/asperges-vertes-super\/#breadcrumb","itemListElement":[{"@type":"ListItem","position":1,"name":"Home","item":"https:\/\/fantinasparagi.com\/fr\/"},{"@type":"ListItem","position":2,"name":"Shop online","item":"https:\/\/fantinasparagi.com\/fr\/shop-online\/"},{"@type":"ListItem","position":3,"name":"Asperges vertes super"}]},{"@type":"WebSite","@id":"https:\/\/fantinasparagi.com\/#website","url":"https:\/\/fantinasparagi.com\/","name":"Fantin Asparagi","description":"","potentialAction":[{"@type":"SearchAction","target":{"@type":"EntryPoint","urlTemplate":"https:\/\/fantinasparagi.com\/?s={search_term_string}"},"query-input":"required name=search_term_string"}],"inLanguage":"fr-FR"}]}},"_links":{"self":[{"href":"https:\/\/fantinasparagi.com\/fr\/wp-json\/wp\/v2\/product\/5241"}],"collection":[{"href":"https:\/\/fantinasparagi.com\/fr\/wp-json\/wp\/v2\/product"}],"about":[{"href":"https:\/\/fantinasparagi.com\/fr\/wp-json\/wp\/v2\/types\/product"}],"wp:featuredmedia":[{"embeddable":true,"href":"https:\/\/fantinasparagi.com\/fr\/wp-json\/wp\/v2\/media\/6635"}],"wp:attachment":[{"href":"https:\/\/fantinasparagi.com\/fr\/wp-json\/wp\/v2\/media?parent=5241"}],"wp:term":[{"taxonomy":"product_cat","embeddable":true,"href":"https:\/\/fantinasparagi.com\/fr\/wp-json\/wp\/v2\/product_cat?post=5241"},{"taxonomy":"product_tag","embeddable":true,"href":"https:\/\/fantinasparagi.com\/fr\/wp-json\/wp\/v2\/product_tag?post=5241"}],"curies":[{"name":"wp","href":"https:\/\/api.w.org\/{rel}","templated":true}]}}