{"id":5223,"date":"2019-03-26T14:49:47","date_gmt":"2019-03-26T14:49:47","guid":{"rendered":"https:\/\/staging.fantinasparagi.com\/prod\/asparago-igp-badoere-bianco\/"},"modified":"2025-04-17T09:13:52","modified_gmt":"2025-04-17T09:13:52","slug":"asperges-blanches-super","status":"publish","type":"product","link":"https:\/\/fantinasparagi.com\/fr\/prod\/asperges-blanches-super\/","title":{"rendered":"Asperges blanches super"},"content":{"rendered":"<p>D\u00e9licatesse pour le palais, les asperges blanches sont un alli\u00e9 sant\u00e9 car elles sont riches en vitamines et min\u00e9raux, poss\u00e8dent des propri\u00e9t\u00e9s d\u00e9puratives et diur\u00e9tiques et conviennent particuli\u00e8rement aux r\u00e9gimes amincissants.<\/p>\n<p>Excellentes crues en carpaccio ou assaisonn\u00e9es avec de l\u2019huile et du citron, ou avec des \u0153ufs, en omelette ou comme garniture de tartes rustiques, les asperges blanches sont l\u2019ingr\u00e9dient principal des risottos ou des entr\u00e9es en g\u00e9n\u00e9ral, et se marient \u00e9galement bien avec la viande ou le poisson. Les d\u00e9licieux turions de couleur blanc-ros\u00e9 sont bien form\u00e9s, droits, avec l\u2019apex bien ferm\u00e9, entiers. Gr\u00e2ce au soin que nous mettons dans leur s\u00e9lection d\u00e8s qu\u2019elles sont r\u00e9colt\u00e9es et dans leur conditionnement, les asperges ne sont jamais vides, fendues ou bris\u00e9es.<\/p>\n<p>Les asperges blanches pr\u00e9sentent une saveur douce et aromatique, pas acide ni sal\u00e9e ; au palais, elles sont tendres et n\u2019ont pas d\u2019aspect fibreux<\/p>\n","protected":false},"excerpt":{"rendered":"<p><strong>Bouquet de 1 kg.<\/strong><\/p>\n<p>&nbsp;<\/p>\n","protected":false},"featured_media":6625,"template":"","meta":[],"product_cat":[87],"product_tag":[],"acf":[],"yoast_head":"<!-- This site is optimized with the Yoast SEO plugin v20.1 - https:\/\/yoast.com\/wordpress\/plugins\/seo\/ -->\n<title>Asperges blanches super - Fantin Asparagi<\/title>\n<meta name=\"robots\" content=\"index, follow, max-snippet:-1, max-image-preview:large, max-video-preview:-1\" \/>\n<link rel=\"canonical\" href=\"https:\/\/fantinasparagi.com\/fr\/prod\/asperges-blanches-super\/\" \/>\n<meta property=\"og:locale\" content=\"fr_FR\" \/>\n<meta property=\"og:type\" content=\"article\" \/>\n<meta property=\"og:title\" content=\"Asperges blanches super - Fantin Asparagi\" \/>\n<meta property=\"og:description\" content=\"Bouquet de 1 kg.  &nbsp;\" \/>\n<meta property=\"og:url\" content=\"https:\/\/fantinasparagi.com\/fr\/prod\/asperges-blanches-super\/\" \/>\n<meta property=\"og:site_name\" content=\"Fantin Asparagi\" \/>\n<meta property=\"article:modified_time\" content=\"2025-04-17T09:13:52+00:00\" \/>\n<meta property=\"og:image\" content=\"https:\/\/fantinasparagi.com\/wp-content\/uploads\/2019\/03\/bianco-super-fantin-asparagi.jpg\" \/>\n\t<meta property=\"og:image:width\" content=\"1002\" \/>\n\t<meta property=\"og:image:height\" content=\"1250\" \/>\n\t<meta property=\"og:image:type\" content=\"image\/jpeg\" \/>\n<meta name=\"twitter:card\" content=\"summary_large_image\" \/>\n<meta name=\"twitter:label1\" content=\"Dur\u00e9e de lecture estim\u00e9e\" \/>\n\t<meta name=\"twitter:data1\" content=\"1 minute\" \/>\n<script type=\"application\/ld+json\" class=\"yoast-schema-graph\">{\"@context\":\"https:\/\/schema.org\",\"@graph\":[{\"@type\":\"WebPage\",\"@id\":\"https:\/\/fantinasparagi.com\/fr\/prod\/asperges-blanches-super\/\",\"url\":\"https:\/\/fantinasparagi.com\/fr\/prod\/asperges-blanches-super\/\",\"name\":\"Asperges blanches super - Fantin Asparagi\",\"isPartOf\":{\"@id\":\"https:\/\/fantinasparagi.com\/#website\"},\"datePublished\":\"2019-03-26T14:49:47+00:00\",\"dateModified\":\"2025-04-17T09:13:52+00:00\",\"breadcrumb\":{\"@id\":\"https:\/\/fantinasparagi.com\/fr\/prod\/asperges-blanches-super\/#breadcrumb\"},\"inLanguage\":\"fr-FR\",\"potentialAction\":[{\"@type\":\"ReadAction\",\"target\":[\"https:\/\/fantinasparagi.com\/fr\/prod\/asperges-blanches-super\/\"]}]},{\"@type\":\"BreadcrumbList\",\"@id\":\"https:\/\/fantinasparagi.com\/fr\/prod\/asperges-blanches-super\/#breadcrumb\",\"itemListElement\":[{\"@type\":\"ListItem\",\"position\":1,\"name\":\"Home\",\"item\":\"https:\/\/fantinasparagi.com\/fr\/\"},{\"@type\":\"ListItem\",\"position\":2,\"name\":\"Shop online\",\"item\":\"https:\/\/fantinasparagi.com\/fr\/shop-online\/\"},{\"@type\":\"ListItem\",\"position\":3,\"name\":\"Asperges blanches super\"}]},{\"@type\":\"WebSite\",\"@id\":\"https:\/\/fantinasparagi.com\/#website\",\"url\":\"https:\/\/fantinasparagi.com\/\",\"name\":\"Fantin Asparagi\",\"description\":\"\",\"potentialAction\":[{\"@type\":\"SearchAction\",\"target\":{\"@type\":\"EntryPoint\",\"urlTemplate\":\"https:\/\/fantinasparagi.com\/?s={search_term_string}\"},\"query-input\":\"required name=search_term_string\"}],\"inLanguage\":\"fr-FR\"}]}<\/script>\n<!-- \/ Yoast SEO plugin. -->","yoast_head_json":{"title":"Asperges blanches super - Fantin Asparagi","robots":{"index":"index","follow":"follow","max-snippet":"max-snippet:-1","max-image-preview":"max-image-preview:large","max-video-preview":"max-video-preview:-1"},"canonical":"https:\/\/fantinasparagi.com\/fr\/prod\/asperges-blanches-super\/","og_locale":"fr_FR","og_type":"article","og_title":"Asperges blanches super - Fantin Asparagi","og_description":"Bouquet de 1 kg.  &nbsp;","og_url":"https:\/\/fantinasparagi.com\/fr\/prod\/asperges-blanches-super\/","og_site_name":"Fantin Asparagi","article_modified_time":"2025-04-17T09:13:52+00:00","og_image":[{"width":1002,"height":1250,"url":"https:\/\/fantinasparagi.com\/wp-content\/uploads\/2019\/03\/bianco-super-fantin-asparagi.jpg","type":"image\/jpeg"}],"twitter_card":"summary_large_image","twitter_misc":{"Dur\u00e9e de lecture estim\u00e9e":"1 minute"},"schema":{"@context":"https:\/\/schema.org","@graph":[{"@type":"WebPage","@id":"https:\/\/fantinasparagi.com\/fr\/prod\/asperges-blanches-super\/","url":"https:\/\/fantinasparagi.com\/fr\/prod\/asperges-blanches-super\/","name":"Asperges blanches super - Fantin Asparagi","isPartOf":{"@id":"https:\/\/fantinasparagi.com\/#website"},"datePublished":"2019-03-26T14:49:47+00:00","dateModified":"2025-04-17T09:13:52+00:00","breadcrumb":{"@id":"https:\/\/fantinasparagi.com\/fr\/prod\/asperges-blanches-super\/#breadcrumb"},"inLanguage":"fr-FR","potentialAction":[{"@type":"ReadAction","target":["https:\/\/fantinasparagi.com\/fr\/prod\/asperges-blanches-super\/"]}]},{"@type":"BreadcrumbList","@id":"https:\/\/fantinasparagi.com\/fr\/prod\/asperges-blanches-super\/#breadcrumb","itemListElement":[{"@type":"ListItem","position":1,"name":"Home","item":"https:\/\/fantinasparagi.com\/fr\/"},{"@type":"ListItem","position":2,"name":"Shop online","item":"https:\/\/fantinasparagi.com\/fr\/shop-online\/"},{"@type":"ListItem","position":3,"name":"Asperges blanches super"}]},{"@type":"WebSite","@id":"https:\/\/fantinasparagi.com\/#website","url":"https:\/\/fantinasparagi.com\/","name":"Fantin Asparagi","description":"","potentialAction":[{"@type":"SearchAction","target":{"@type":"EntryPoint","urlTemplate":"https:\/\/fantinasparagi.com\/?s={search_term_string}"},"query-input":"required name=search_term_string"}],"inLanguage":"fr-FR"}]}},"_links":{"self":[{"href":"https:\/\/fantinasparagi.com\/fr\/wp-json\/wp\/v2\/product\/5223"}],"collection":[{"href":"https:\/\/fantinasparagi.com\/fr\/wp-json\/wp\/v2\/product"}],"about":[{"href":"https:\/\/fantinasparagi.com\/fr\/wp-json\/wp\/v2\/types\/product"}],"wp:featuredmedia":[{"embeddable":true,"href":"https:\/\/fantinasparagi.com\/fr\/wp-json\/wp\/v2\/media\/6625"}],"wp:attachment":[{"href":"https:\/\/fantinasparagi.com\/fr\/wp-json\/wp\/v2\/media?parent=5223"}],"wp:term":[{"taxonomy":"product_cat","embeddable":true,"href":"https:\/\/fantinasparagi.com\/fr\/wp-json\/wp\/v2\/product_cat?post=5223"},{"taxonomy":"product_tag","embeddable":true,"href":"https:\/\/fantinasparagi.com\/fr\/wp-json\/wp\/v2\/product_tag?post=5223"}],"curies":[{"name":"wp","href":"https:\/\/api.w.org\/{rel}","templated":true}]}}