{"id":5287,"date":"2016-07-12T07:44:54","date_gmt":"2016-07-12T07:44:54","guid":{"rendered":"https:\/\/staging.fantinasparagi.com\/asparagi\/"},"modified":"2022-09-26T10:05:52","modified_gmt":"2022-09-26T10:05:52","slug":"asperges","status":"publish","type":"page","link":"https:\/\/fantinasparagi.com\/fr\/asperges\/","title":{"rendered":"Asperges"},"content":{"rendered":"<section id=\"bt_section69d760eef1d62\"  class=\"boldSection gutter\" ><div class=\"port\"><div class=\"boldCell\"><div class=\"boldCellInner\"><div class=\"boldRow \" ><div class=\"boldRowInner\"><div class=\"rowItem col-md-6 col-sm-12 btTextLeft\"  data-width=\"6\"><div class=\"rowItemContent\" ><div class=\"btClear btSeparator topSemiSpaced noBorder\" ><hr><\/div><div class=\"btText\" ><p>Il existe de nombreuses vari\u00e9t\u00e9s d\u2019asperges. On les distingue selon la couleur de leur turion, blanche, verte, violette, ou vert clair. Les asperges blanches sont r\u00e9colt\u00e9es avant qu\u2019elles ne sortent du terrain, de mani\u00e8re \u00e0 emp\u00eacher que l\u2019exposition aux rayons du soleil n\u2019active la formation de la chlorophylle, responsable de la coloration verte du l\u00e9gume.<br \/>\nPour obtenir les asperges blanches, nous utilisons la technique du paillage\u00a0: nous recouvrons le terrain d\u2019un film de poly\u00e9thyl\u00e8ne noir photos\u00e9lectif.<br \/>\nNous cultivons sous serre et en plein champ, selon ce calendrier :<\/p>\n<ul>\n<li style=\"list-style-type: none;\">\n<ul>\n<li>entre f\u00e9vrier et juin, nous plantons les pieds (racines souterraines)<\/li>\n<li>\u00e0 partir de la date de plantation et pendant au moins 18 mois, la phase dite de fortification, afin de garantir une croissance saine des plantes, nous ne pouvons pas r\u00e9colter les turion pour tous les types d\u2019asperges ;<\/li>\n<li>au d\u00e9but de l\u2019ann\u00e9e, nous pr\u00e9parons la plantation pour la typologie blanche, nous effectuons le buttage (accumulation de terre sur la file), nous paillons \u00e9galement le sol avec un film plastique noir<\/li>\n<li>apr\u00e8s la phase de fortification, les asperges sont r\u00e9colt\u00e9es de d\u00e9but mars \u00e0 fin mai chaque ann\u00e9e.<\/li>\n<\/ul>\n<\/li>\n<\/ul>\n<\/div><div class=\"btClear btSeparator topSemiSpaced noBorder\" ><hr><\/div><\/div><\/div><div class=\"rowItem col-md-6 col-sm-12 btTextLeft\"  data-width=\"6\"><div class=\"rowItemContent\" ><div class=\"btClear btSeparator topSemiSpaced noBorder\" ><hr><\/div><div class=\"bpgPhoto \" ><div class = \"btImage\"><img src=\"https:\/\/fantinasparagi.com\/wp-content\/uploads\/2016\/07\/asparagi-fantin.jpg\" alt=\"Asparagi Fantin\" title=\"Asparagi Fantin\"><\/div><\/div><\/div><\/div><\/div><\/div><\/div><\/div><\/div><\/section>","protected":false},"excerpt":{"rendered":"","protected":false},"author":2,"featured_media":4895,"parent":0,"menu_order":1,"comment_status":"closed","ping_status":"closed","template":"","meta":[],"acf":[],"yoast_head":"<!-- This site is optimized with the Yoast SEO plugin v20.1 - https:\/\/yoast.com\/wordpress\/plugins\/seo\/ -->\n<title>Typologies d\u2019asperges Fantin \u2013 D\u00e9couvrez toutes les vari\u00e9t\u00e9s d\u2019asperges<\/title>\n<meta name=\"description\" content=\"Il existe de nombreuses vari\u00e9t\u00e9s d\u2019asperges. On les distingue selon la couleur de leur turion, blanche, verte, violette, ou vert clair.\" \/>\n<meta name=\"robots\" content=\"index, follow, max-snippet:-1, max-image-preview:large, max-video-preview:-1\" \/>\n<link rel=\"canonical\" href=\"https:\/\/fantinasparagi.com\/fr\/asperges\/\" \/>\n<meta property=\"og:locale\" content=\"fr_FR\" \/>\n<meta property=\"og:type\" content=\"article\" \/>\n<meta property=\"og:title\" content=\"Typologies d\u2019asperges Fantin \u2013 D\u00e9couvrez toutes les vari\u00e9t\u00e9s d\u2019asperges\" \/>\n<meta property=\"og:description\" content=\"Il existe de nombreuses vari\u00e9t\u00e9s d\u2019asperges. On les distingue selon la couleur de leur turion, blanche, verte, violette, ou vert clair.\" \/>\n<meta property=\"og:url\" content=\"https:\/\/fantinasparagi.com\/fr\/asperges\/\" \/>\n<meta property=\"og:site_name\" content=\"Fantin Asparagi\" \/>\n<meta property=\"article:modified_time\" content=\"2022-09-26T10:05:52+00:00\" \/>\n<meta property=\"og:image\" content=\"https:\/\/fantinasparagi.com\/wp-content\/uploads\/2016\/07\/asparagi-s.jpg\" \/>\n\t<meta property=\"og:image:width\" content=\"1920\" \/>\n\t<meta property=\"og:image:height\" content=\"1100\" \/>\n\t<meta property=\"og:image:type\" content=\"image\/jpeg\" \/>\n<meta name=\"twitter:card\" content=\"summary_large_image\" \/>\n<meta name=\"twitter:label1\" content=\"Dur\u00e9e de lecture estim\u00e9e\" \/>\n\t<meta name=\"twitter:data1\" content=\"2 minutes\" \/>\n<script type=\"application\/ld+json\" class=\"yoast-schema-graph\">{\"@context\":\"https:\/\/schema.org\",\"@graph\":[{\"@type\":\"WebPage\",\"@id\":\"https:\/\/fantinasparagi.com\/fr\/asperges\/\",\"url\":\"https:\/\/fantinasparagi.com\/fr\/asperges\/\",\"name\":\"Typologies d\u2019asperges Fantin \u2013 D\u00e9couvrez toutes les vari\u00e9t\u00e9s d\u2019asperges\",\"isPartOf\":{\"@id\":\"https:\/\/fantinasparagi.com\/#website\"},\"datePublished\":\"2016-07-12T07:44:54+00:00\",\"dateModified\":\"2022-09-26T10:05:52+00:00\",\"description\":\"Il existe de nombreuses vari\u00e9t\u00e9s d\u2019asperges. On les distingue selon la couleur de leur turion, blanche, verte, violette, ou vert clair.\",\"breadcrumb\":{\"@id\":\"https:\/\/fantinasparagi.com\/fr\/asperges\/#breadcrumb\"},\"inLanguage\":\"fr-FR\",\"potentialAction\":[{\"@type\":\"ReadAction\",\"target\":[\"https:\/\/fantinasparagi.com\/fr\/asperges\/\"]}]},{\"@type\":\"BreadcrumbList\",\"@id\":\"https:\/\/fantinasparagi.com\/fr\/asperges\/#breadcrumb\",\"itemListElement\":[{\"@type\":\"ListItem\",\"position\":1,\"name\":\"Home\",\"item\":\"https:\/\/fantinasparagi.com\/fr\/\"},{\"@type\":\"ListItem\",\"position\":2,\"name\":\"Asperges\"}]},{\"@type\":\"WebSite\",\"@id\":\"https:\/\/fantinasparagi.com\/#website\",\"url\":\"https:\/\/fantinasparagi.com\/\",\"name\":\"Fantin Asparagi\",\"description\":\"\",\"potentialAction\":[{\"@type\":\"SearchAction\",\"target\":{\"@type\":\"EntryPoint\",\"urlTemplate\":\"https:\/\/fantinasparagi.com\/?s={search_term_string}\"},\"query-input\":\"required name=search_term_string\"}],\"inLanguage\":\"fr-FR\"}]}<\/script>\n<!-- \/ Yoast SEO plugin. -->","yoast_head_json":{"title":"Typologies d\u2019asperges Fantin \u2013 D\u00e9couvrez toutes les vari\u00e9t\u00e9s d\u2019asperges","description":"Il existe de nombreuses vari\u00e9t\u00e9s d\u2019asperges. On les distingue selon la couleur de leur turion, blanche, verte, violette, ou vert clair.","robots":{"index":"index","follow":"follow","max-snippet":"max-snippet:-1","max-image-preview":"max-image-preview:large","max-video-preview":"max-video-preview:-1"},"canonical":"https:\/\/fantinasparagi.com\/fr\/asperges\/","og_locale":"fr_FR","og_type":"article","og_title":"Typologies d\u2019asperges Fantin \u2013 D\u00e9couvrez toutes les vari\u00e9t\u00e9s d\u2019asperges","og_description":"Il existe de nombreuses vari\u00e9t\u00e9s d\u2019asperges. On les distingue selon la couleur de leur turion, blanche, verte, violette, ou vert clair.","og_url":"https:\/\/fantinasparagi.com\/fr\/asperges\/","og_site_name":"Fantin Asparagi","article_modified_time":"2022-09-26T10:05:52+00:00","og_image":[{"width":1920,"height":1100,"url":"https:\/\/fantinasparagi.com\/wp-content\/uploads\/2016\/07\/asparagi-s.jpg","type":"image\/jpeg"}],"twitter_card":"summary_large_image","twitter_misc":{"Dur\u00e9e de lecture estim\u00e9e":"2 minutes"},"schema":{"@context":"https:\/\/schema.org","@graph":[{"@type":"WebPage","@id":"https:\/\/fantinasparagi.com\/fr\/asperges\/","url":"https:\/\/fantinasparagi.com\/fr\/asperges\/","name":"Typologies d\u2019asperges Fantin \u2013 D\u00e9couvrez toutes les vari\u00e9t\u00e9s d\u2019asperges","isPartOf":{"@id":"https:\/\/fantinasparagi.com\/#website"},"datePublished":"2016-07-12T07:44:54+00:00","dateModified":"2022-09-26T10:05:52+00:00","description":"Il existe de nombreuses vari\u00e9t\u00e9s d\u2019asperges. On les distingue selon la couleur de leur turion, blanche, verte, violette, ou vert clair.","breadcrumb":{"@id":"https:\/\/fantinasparagi.com\/fr\/asperges\/#breadcrumb"},"inLanguage":"fr-FR","potentialAction":[{"@type":"ReadAction","target":["https:\/\/fantinasparagi.com\/fr\/asperges\/"]}]},{"@type":"BreadcrumbList","@id":"https:\/\/fantinasparagi.com\/fr\/asperges\/#breadcrumb","itemListElement":[{"@type":"ListItem","position":1,"name":"Home","item":"https:\/\/fantinasparagi.com\/fr\/"},{"@type":"ListItem","position":2,"name":"Asperges"}]},{"@type":"WebSite","@id":"https:\/\/fantinasparagi.com\/#website","url":"https:\/\/fantinasparagi.com\/","name":"Fantin Asparagi","description":"","potentialAction":[{"@type":"SearchAction","target":{"@type":"EntryPoint","urlTemplate":"https:\/\/fantinasparagi.com\/?s={search_term_string}"},"query-input":"required name=search_term_string"}],"inLanguage":"fr-FR"}]}},"_links":{"self":[{"href":"https:\/\/fantinasparagi.com\/fr\/wp-json\/wp\/v2\/pages\/5287"}],"collection":[{"href":"https:\/\/fantinasparagi.com\/fr\/wp-json\/wp\/v2\/pages"}],"about":[{"href":"https:\/\/fantinasparagi.com\/fr\/wp-json\/wp\/v2\/types\/page"}],"author":[{"embeddable":true,"href":"https:\/\/fantinasparagi.com\/fr\/wp-json\/wp\/v2\/users\/2"}],"replies":[{"embeddable":true,"href":"https:\/\/fantinasparagi.com\/fr\/wp-json\/wp\/v2\/comments?post=5287"}],"version-history":[{"count":3,"href":"https:\/\/fantinasparagi.com\/fr\/wp-json\/wp\/v2\/pages\/5287\/revisions"}],"predecessor-version":[{"id":5293,"href":"https:\/\/fantinasparagi.com\/fr\/wp-json\/wp\/v2\/pages\/5287\/revisions\/5293"}],"wp:featuredmedia":[{"embeddable":true,"href":"https:\/\/fantinasparagi.com\/fr\/wp-json\/wp\/v2\/media\/4895"}],"wp:attachment":[{"href":"https:\/\/fantinasparagi.com\/fr\/wp-json\/wp\/v2\/media?parent=5287"}],"curies":[{"name":"wp","href":"https:\/\/api.w.org\/{rel}","templated":true}]}}