{"id":5266,"date":"2017-11-21T11:11:35","date_gmt":"2017-11-21T11:11:35","guid":{"rendered":"https:\/\/staging.fantinasparagi.com\/asparagi-verdi\/"},"modified":"2022-09-26T09:49:35","modified_gmt":"2022-09-26T09:49:35","slug":"asperges-vertes","status":"publish","type":"page","link":"https:\/\/fantinasparagi.com\/fr\/asperges\/asperges-vertes\/","title":{"rendered":"Asperges vertes"},"content":{"rendered":"<section id=\"bt_section69e4b3938ac0f\"  class=\"boldSection gutter\" ><div class=\"port\"><div class=\"boldCell\"><div class=\"boldCellInner\"><div class=\"boldRow \" ><div class=\"boldRowInner\"><div class=\"rowItem col-md-6 col-sm-12 btTextLeft inherit\"  data-width=\"6\"><div class=\"rowItemContent\" ><div class=\"btText\" ><p>Star du printemps, les asperges vertes sont des pousses jeunes et tendres que l\u2019on associe au r\u00e9veil de la nature. La typologie verte est peu calorique et riche en acide folique, vitamine du groupe B, et asparagine, substance qui augmente la r\u00e9sistance contre la fatigue. Comme les asperges blanches, les asperges vertes ont des propri\u00e9t\u00e9s anti-oxydantes, diur\u00e9tiques et d\u00e9toxifiantes. Elles repr\u00e9sentent un hors-d\u2019\u0153uvre gourmand et plaisent aux fins gourmets, permettant de cuisiner des plats de p\u00e2tes ou riz raffin\u00e9s, ou des accompagnements d\u00e9licats mais savoureux et l\u00e9gers.<\/p>\n<\/div><div class=\"btClear btSeparator topSemiSpaced noBorder\" ><hr><\/div><\/div><\/div><div class=\"rowItem col-md-6 col-sm-12 btTextLeft\"  data-width=\"6\"><div class=\"rowItemContent\" ><div class=\"bpgPhoto \" ><div class = \"btImage\"><img src=\"https:\/\/fantinasparagi.com\/wp-content\/uploads\/2018\/01\/asparagi-verdi.jpg\" alt=\"\" title=\"asparagi-verdi\"><\/div><\/div><\/div><\/div><\/div><\/div><\/div><\/div><\/div><\/section><section id=\"bt_section69e4b3938b9ab\"  class=\"boldSection gutter\" ><div class=\"port\"><div class=\"boldCell\"><div class=\"boldCellInner\"><div class=\"boldRow \" ><div class=\"boldRowInner\"><div class=\"rowItem col-md-12 col-ms-12  btTextLeft\"  data-width=\"12\"><div class=\"rowItemContent\" ><div class=\"btClear btSeparator topSemiSpaced noBorder\" ><hr><\/div><div class=\"btText\" ><h5><strong>Description<\/strong><\/h5>\n<p>Les turions verts pr\u00e9sentent une saveur plus prononc\u00e9e que les blancs, pas acide ni sal\u00e9e, avec un ar\u00f4me fruit\u00e9 et herbeux persistant. Les asperges fra\u00eeches \u00e0 l\u2019achat se reconnaissent \u00e0 leurs pointes droites et ferm\u00e9es. Les tiges doivent quant \u00e0 elles \u00eatre dures, de la m\u00eame \u00e9paisseur et sans taches.<\/p>\n<\/div><div class=\"btClear btSeparator topSmallSpaced noBorder\" ><hr><\/div><div class=\"btText\" ><h5><strong>Classement<\/strong><\/h5>\n<\/div><div class=\"btTabs tabsVertical\"><ul class=\"tabsHeader\"><li><span>\u2022 Asperges vertes de Badoere I.G.P.<\/span><\/li><li><span>\u2022 Asperges vertes cat\u00e9gorie extra<\/span><\/li><li><span>\u2022 Asperges vertes cat\u00e9gorie I<\/span><\/li><\/ul><div class=\"tabPanes accordionPanes\"><div class=\"tabPane\">\r\n\t\t\t<div class=\"tabAccordionTitle\"><span>\u2022 Asperges vertes de Badoere I.G.P.<\/span><\/div>\r\n\t\t\t<div class=\"tabAccordionContent\"><div class=\"btText\" ><p>Les asperges vertes de Badoere I.G.P. sont des produits de l\u2019excellence agro-alimentaire europ\u00e9enne.<br \/>\n<a href=\"\/fr\/territoire-igp\/\">D\u00e9couvrez leurs propri\u00e9t\u00e9s<\/a><\/p>\n<\/div><\/div>\r\n\t\t<\/div><div class=\"tabPane\">\r\n\t\t\t<div class=\"tabAccordionTitle\"><span>\u2022 Asperges vertes cat\u00e9gorie extra<\/span><\/div>\r\n\t\t\t<div class=\"tabAccordionContent\"><div class=\"btText\" >\n<table id=\"tablepress-7\" class=\"tablepress tablepress-id-7\">\n<tbody>\n<tr class=\"row-1\">\n\t<td class=\"column-1\"><strong>Forme<\/strong><\/td><td class=\"column-2\">turion droit, avec possible l\u00e9g\u00e8re d\u00e9viation de la pointe, apex tr\u00e8s ferm\u00e9<br \/>\n<\/td>\n<\/tr>\n<tr class=\"row-2\">\n\t<td class=\"column-1\"><strong>Couleur<\/strong><\/td><td class=\"column-2\">pointes d\u2019un vert intense et brillant, avec possibles nuances violac\u00e9es ; tige (non sup\u00e9rieure \u00e0 5 % du turion) verte avec variations du violac\u00e9 au blanc<\/td>\n<\/tr>\n<tr class=\"row-3\">\n\t<td class=\"column-1\"><strong>Saveur<\/strong><\/td><td class=\"column-2\">douce et prononc\u00e9e, pas acide, pas sal\u00e9e, pas am\u00e8re, tendre, sans fibrosit\u00e9, ar\u00f4me fruit\u00e9 et herbeux persistant<\/td>\n<\/tr>\n<tr class=\"row-4\">\n\t<td class=\"column-1\"><strong>Calibre<\/strong><\/td><td class=\"column-2\">minimum 12 mm ; avec diff\u00e9rence maximale de 6 mm entre le turion le plus gros et le moins gros, au sein du m\u00eame bouquet<\/td>\n<\/tr>\n<tr class=\"row-5\">\n\t<td class=\"column-1\"><strong>Longueur<\/strong><\/td><td class=\"column-2\"> maximum 27 cm ; avec diff\u00e9rence maximale de 1 cm entre le turion le plus court et le plus long, au sein du m\u00eame bouquet<br \/>\n<\/td>\n<\/tr>\n<\/tbody>\n<\/table>\n<!-- #tablepress-7 from cache --><\/div><\/div>\r\n\t\t<\/div><div class=\"tabPane\">\r\n\t\t\t<div class=\"tabAccordionTitle\"><span>\u2022 Asperges vertes cat\u00e9gorie I<\/span><\/div>\r\n\t\t\t<div class=\"tabAccordionContent\"><div class=\"btText\" >\n<table id=\"tablepress-8\" class=\"tablepress tablepress-id-8\">\n<tbody>\n<tr class=\"row-1\">\n\t<td class=\"column-1\"><strong>Forme<\/strong><\/td><td class=\"column-2\">turion droit, avec possible l\u00e9g\u00e8re d\u00e9viation de la pointe, apex ferm\u00e9<br \/>\n<\/td>\n<\/tr>\n<tr class=\"row-2\">\n\t<td class=\"column-1\"><strong>Couleur<\/strong><\/td><td class=\"column-2\">pointes d\u2019un vert intense et brillant, avec possibles nuances violac\u00e9es ; tige (non sup\u00e9rieure \u00e0 5 % du turion) verte avec variations du violac\u00e9 au blanc<\/td>\n<\/tr>\n<tr class=\"row-3\">\n\t<td class=\"column-1\"><strong>Saveur<\/strong><\/td><td class=\"column-2\">douce et prononc\u00e9e, pas acide, pas sal\u00e9e, pas am\u00e8re, tendre, sans fibrosit\u00e9, ar\u00f4me fruit\u00e9 et herbeux persistant<\/td>\n<\/tr>\n<tr class=\"row-4\">\n\t<td class=\"column-1\"><strong>Calibre<\/strong><\/td><td class=\"column-2\">de 10 \u00e0 12 mm ; avec diff\u00e9rence maximale de 10 mm entre le turion le plus gros et le moins gros, au sein du m\u00eame bouquet<\/td>\n<\/tr>\n<tr class=\"row-5\">\n\t<td class=\"column-1\"><strong>Longueur<\/strong><\/td><td class=\"column-2\">maximum 27 cm ; avec diff\u00e9rence maximale de 1 cm entre le turion le plus court et le plus long, au sein du m\u00eame bouquet<\/td>\n<\/tr>\n<\/tbody>\n<\/table>\n<!-- #tablepress-8 from cache --><\/div><\/div>\r\n\t\t<\/div><\/div><\/div><div class=\"btClear btSeparator topSmallSpaced noBorder\" ><hr><\/div><div class=\"btClear btSeparator topSemiSpaced noBorder\" ><hr><\/div><\/div><\/div><\/div><\/div><\/div><\/div><\/div><\/section>","protected":false},"excerpt":{"rendered":"","protected":false},"author":2,"featured_media":4952,"parent":5287,"menu_order":0,"comment_status":"closed","ping_status":"closed","template":"","meta":[],"acf":[],"yoast_head":"<!-- This site is optimized with the Yoast SEO plugin v20.1 - https:\/\/yoast.com\/wordpress\/plugins\/seo\/ -->\n<title>Asperges vertes de Badoere I.G.P. - Fantin Asparagi<\/title>\n<meta name=\"description\" content=\"Gli Asparagi verdi di Badoere I.G.P. sono prodotti di eccellenza dell\u2019agroalimentare europeo: si suddividono in asparago di Badoere IGP verde, Asparago verde extra e Asparago verde prima.\" \/>\n<meta name=\"robots\" content=\"index, follow, max-snippet:-1, max-image-preview:large, max-video-preview:-1\" \/>\n<link rel=\"canonical\" href=\"https:\/\/fantinasparagi.com\/fr\/asperges-vertes\/\" \/>\n<meta property=\"og:locale\" content=\"fr_FR\" \/>\n<meta property=\"og:type\" content=\"article\" \/>\n<meta property=\"og:title\" content=\"Asperges vertes de Badoere I.G.P. - Fantin Asparagi\" \/>\n<meta property=\"og:description\" content=\"Gli Asparagi verdi di Badoere I.G.P. sono prodotti di eccellenza dell\u2019agroalimentare europeo: si suddividono in asparago di Badoere IGP verde, Asparago verde extra e Asparago verde prima.\" \/>\n<meta property=\"og:url\" content=\"https:\/\/fantinasparagi.com\/fr\/asperges-vertes\/\" \/>\n<meta property=\"og:site_name\" content=\"Fantin Asparagi\" \/>\n<meta property=\"article:modified_time\" content=\"2022-09-26T09:49:35+00:00\" \/>\n<meta property=\"og:image\" content=\"https:\/\/fantinasparagi.com\/wp-content\/uploads\/2017\/11\/asparagi-verdi-s.jpg\" \/>\n\t<meta property=\"og:image:width\" content=\"1920\" \/>\n\t<meta property=\"og:image:height\" content=\"793\" \/>\n\t<meta property=\"og:image:type\" content=\"image\/jpeg\" \/>\n<meta name=\"twitter:card\" content=\"summary_large_image\" \/>\n<meta name=\"twitter:label1\" content=\"Dur\u00e9e de lecture estim\u00e9e\" \/>\n\t<meta name=\"twitter:data1\" content=\"2 minutes\" \/>\n<script type=\"application\/ld+json\" class=\"yoast-schema-graph\">{\"@context\":\"https:\/\/schema.org\",\"@graph\":[{\"@type\":\"WebPage\",\"@id\":\"https:\/\/fantinasparagi.com\/fr\/asperges-vertes\/\",\"url\":\"https:\/\/fantinasparagi.com\/fr\/asperges-vertes\/\",\"name\":\"Asperges vertes de Badoere I.G.P. - Fantin Asparagi\",\"isPartOf\":{\"@id\":\"https:\/\/fantinasparagi.com\/#website\"},\"datePublished\":\"2017-11-21T11:11:35+00:00\",\"dateModified\":\"2022-09-26T09:49:35+00:00\",\"description\":\"Gli Asparagi verdi di Badoere I.G.P. sono prodotti di eccellenza dell\u2019agroalimentare europeo: si suddividono in asparago di Badoere IGP verde, Asparago verde extra e Asparago verde prima.\",\"breadcrumb\":{\"@id\":\"https:\/\/fantinasparagi.com\/fr\/asperges-vertes\/#breadcrumb\"},\"inLanguage\":\"fr-FR\",\"potentialAction\":[{\"@type\":\"ReadAction\",\"target\":[\"https:\/\/fantinasparagi.com\/fr\/asperges-vertes\/\"]}]},{\"@type\":\"BreadcrumbList\",\"@id\":\"https:\/\/fantinasparagi.com\/fr\/asperges-vertes\/#breadcrumb\",\"itemListElement\":[{\"@type\":\"ListItem\",\"position\":1,\"name\":\"Home\",\"item\":\"https:\/\/fantinasparagi.com\/fr\/\"},{\"@type\":\"ListItem\",\"position\":2,\"name\":\"Asperges vertes\"}]},{\"@type\":\"WebSite\",\"@id\":\"https:\/\/fantinasparagi.com\/#website\",\"url\":\"https:\/\/fantinasparagi.com\/\",\"name\":\"Fantin Asparagi\",\"description\":\"\",\"potentialAction\":[{\"@type\":\"SearchAction\",\"target\":{\"@type\":\"EntryPoint\",\"urlTemplate\":\"https:\/\/fantinasparagi.com\/?s={search_term_string}\"},\"query-input\":\"required name=search_term_string\"}],\"inLanguage\":\"fr-FR\"}]}<\/script>\n<!-- \/ Yoast SEO plugin. -->","yoast_head_json":{"title":"Asperges vertes de Badoere I.G.P. - Fantin Asparagi","description":"Gli Asparagi verdi di Badoere I.G.P. sono prodotti di eccellenza dell\u2019agroalimentare europeo: si suddividono in asparago di Badoere IGP verde, Asparago verde extra e Asparago verde prima.","robots":{"index":"index","follow":"follow","max-snippet":"max-snippet:-1","max-image-preview":"max-image-preview:large","max-video-preview":"max-video-preview:-1"},"canonical":"https:\/\/fantinasparagi.com\/fr\/asperges-vertes\/","og_locale":"fr_FR","og_type":"article","og_title":"Asperges vertes de Badoere I.G.P. - Fantin Asparagi","og_description":"Gli Asparagi verdi di Badoere I.G.P. sono prodotti di eccellenza dell\u2019agroalimentare europeo: si suddividono in asparago di Badoere IGP verde, Asparago verde extra e Asparago verde prima.","og_url":"https:\/\/fantinasparagi.com\/fr\/asperges-vertes\/","og_site_name":"Fantin Asparagi","article_modified_time":"2022-09-26T09:49:35+00:00","og_image":[{"width":1920,"height":793,"url":"https:\/\/fantinasparagi.com\/wp-content\/uploads\/2017\/11\/asparagi-verdi-s.jpg","type":"image\/jpeg"}],"twitter_card":"summary_large_image","twitter_misc":{"Dur\u00e9e de lecture estim\u00e9e":"2 minutes"},"schema":{"@context":"https:\/\/schema.org","@graph":[{"@type":"WebPage","@id":"https:\/\/fantinasparagi.com\/fr\/asperges-vertes\/","url":"https:\/\/fantinasparagi.com\/fr\/asperges-vertes\/","name":"Asperges vertes de Badoere I.G.P. - Fantin Asparagi","isPartOf":{"@id":"https:\/\/fantinasparagi.com\/#website"},"datePublished":"2017-11-21T11:11:35+00:00","dateModified":"2022-09-26T09:49:35+00:00","description":"Gli Asparagi verdi di Badoere I.G.P. sono prodotti di eccellenza dell\u2019agroalimentare europeo: si suddividono in asparago di Badoere IGP verde, Asparago verde extra e Asparago verde prima.","breadcrumb":{"@id":"https:\/\/fantinasparagi.com\/fr\/asperges-vertes\/#breadcrumb"},"inLanguage":"fr-FR","potentialAction":[{"@type":"ReadAction","target":["https:\/\/fantinasparagi.com\/fr\/asperges-vertes\/"]}]},{"@type":"BreadcrumbList","@id":"https:\/\/fantinasparagi.com\/fr\/asperges-vertes\/#breadcrumb","itemListElement":[{"@type":"ListItem","position":1,"name":"Home","item":"https:\/\/fantinasparagi.com\/fr\/"},{"@type":"ListItem","position":2,"name":"Asperges vertes"}]},{"@type":"WebSite","@id":"https:\/\/fantinasparagi.com\/#website","url":"https:\/\/fantinasparagi.com\/","name":"Fantin Asparagi","description":"","potentialAction":[{"@type":"SearchAction","target":{"@type":"EntryPoint","urlTemplate":"https:\/\/fantinasparagi.com\/?s={search_term_string}"},"query-input":"required name=search_term_string"}],"inLanguage":"fr-FR"}]}},"_links":{"self":[{"href":"https:\/\/fantinasparagi.com\/fr\/wp-json\/wp\/v2\/pages\/5266"}],"collection":[{"href":"https:\/\/fantinasparagi.com\/fr\/wp-json\/wp\/v2\/pages"}],"about":[{"href":"https:\/\/fantinasparagi.com\/fr\/wp-json\/wp\/v2\/types\/page"}],"author":[{"embeddable":true,"href":"https:\/\/fantinasparagi.com\/fr\/wp-json\/wp\/v2\/users\/2"}],"replies":[{"embeddable":true,"href":"https:\/\/fantinasparagi.com\/fr\/wp-json\/wp\/v2\/comments?post=5266"}],"version-history":[{"count":4,"href":"https:\/\/fantinasparagi.com\/fr\/wp-json\/wp\/v2\/pages\/5266\/revisions"}],"predecessor-version":[{"id":5275,"href":"https:\/\/fantinasparagi.com\/fr\/wp-json\/wp\/v2\/pages\/5266\/revisions\/5275"}],"up":[{"embeddable":true,"href":"https:\/\/fantinasparagi.com\/fr\/wp-json\/wp\/v2\/pages\/5287"}],"wp:featuredmedia":[{"embeddable":true,"href":"https:\/\/fantinasparagi.com\/fr\/wp-json\/wp\/v2\/media\/4952"}],"wp:attachment":[{"href":"https:\/\/fantinasparagi.com\/fr\/wp-json\/wp\/v2\/media?parent=5266"}],"curies":[{"name":"wp","href":"https:\/\/api.w.org\/{rel}","templated":true}]}}