{"id":5260,"date":"2017-11-21T11:19:13","date_gmt":"2017-11-21T11:19:13","guid":{"rendered":"https:\/\/staging.fantinasparagi.com\/asparagi-viola\/"},"modified":"2022-09-26T09:33:56","modified_gmt":"2022-09-26T09:33:56","slug":"asperges-violettes","status":"publish","type":"page","link":"https:\/\/fantinasparagi.com\/fr\/asperges\/asperges-violettes\/","title":{"rendered":"Asperges violettes"},"content":{"rendered":"<section id=\"bt_section69e892a3cb83f\"  class=\"boldSection gutter\" ><div class=\"port\"><div class=\"boldCell\"><div class=\"boldCellInner\"><div class=\"boldRow \" ><div class=\"boldRowInner\"><div class=\"rowItem col-md-6 col-sm-12 btTextLeft inherit\"  data-width=\"6\"><div class=\"rowItemContent\" ><div class=\"btText\" ><p>Les asperges violettes sont une vari\u00e9t\u00e9 originaire de Ligurie, elles sont m\u00eame connues comme \u00ab\u00a0Violettes d\u2019Albenga\u00a0\u00bb. Les graines sont arriv\u00e9es \u00e0 l\u2019entreprise Fantin gr\u00e2ce \u00e0 l\u2019heureuse connaissance de Monsieur Porro, un producteur \u00e2g\u00e9 de la Ligurie. La semence avait toutefois besoin d\u2019\u00eatre \u00ab\u00a0harmonis\u00e9e\u00a0\u00bb. En effet, elle \u00e9tait instable d\u2019un point de vue esth\u00e9tique et productif\u00a0: les rendements \u00e9taient bas, le calibrage tr\u00e8s h\u00e9t\u00e9rog\u00e8ne, la coloration irr\u00e9guli\u00e8re. C\u2019est pourquoi nous avons envoy\u00e9 la semence \u00e0 un p\u00e9pini\u00e9riste g\u00e9n\u00e9ticien, qui a r\u00e9alis\u00e9 ce travail d\u2019harmonisation qui a dur\u00e9 presque 10\u00a0ans.<\/p>\n<p>La couleur violette d\u00e9pend d\u2019une mutation g\u00e9n\u00e9tique qui a eu lieu de mani\u00e8re tout \u00e0 fait spontan\u00e9e et naturelle, qui a priv\u00e9 l\u2019asperge d\u2019un chromosome. En plus de leur inimitable couleur pourpre, les asperges violettes se caract\u00e9risent par un go\u00fbt plut\u00f4t doux.<\/p>\n<p>Elles sont appr\u00e9ci\u00e9es en tant qu\u2019accompagnement, par exemple grill\u00e9es avec un filet d\u2019autruche, ou cuites au four. Nous sugg\u00e9rons de ne pas les faire bouillir, et elles gardent parfaitement leurs qualit\u00e9s organoleptiques et leur bon go\u00fbt m\u00eame le lendemain de la cuisson.<\/p>\n<p>Gr\u00e2ce \u00e0 leurs particularit\u00e9s, les asperges violettes ne sont pas s\u00e9lectionn\u00e9es selon le calibrage.<\/p>\n<\/div><div class=\"btClear btSeparator topSemiSpaced noBorder\" ><hr><\/div><\/div><\/div><div class=\"rowItem col-md-6 col-sm-12 btTextLeft\"  data-width=\"6\"><div class=\"rowItemContent\" ><div class=\"bpgPhoto \" ><div class = \"btImage\"><img src=\"https:\/\/fantinasparagi.com\/wp-content\/uploads\/2017\/11\/asparagi-viola.jpg\" alt=\"Asparagi viola\" title=\"Asparagi viola\"><\/div><\/div><\/div><\/div><\/div><\/div><\/div><\/div><\/div><\/section>","protected":false},"excerpt":{"rendered":"","protected":false},"author":2,"featured_media":4898,"parent":5287,"menu_order":0,"comment_status":"closed","ping_status":"closed","template":"","meta":[],"acf":[],"yoast_head":"<!-- This site is optimized with the Yoast SEO plugin v20.1 - https:\/\/yoast.com\/wordpress\/plugins\/seo\/ -->\n<title>Asperges violettes - Fantin Asparagi<\/title>\n<meta name=\"description\" content=\"Gli asparagi viola sono asparagi bianchi fuoriusciti dal terreno e coloratisi per effetto della prima esposizione al sole. Il sapore degli asparagi viola \u00e8 morbido e burroso, delicato, dolce.\" \/>\n<meta name=\"robots\" content=\"index, follow, max-snippet:-1, max-image-preview:large, max-video-preview:-1\" \/>\n<link rel=\"canonical\" href=\"https:\/\/fantinasparagi.com\/fr\/asperges-violettes\/\" \/>\n<meta property=\"og:locale\" content=\"fr_FR\" \/>\n<meta property=\"og:type\" content=\"article\" \/>\n<meta property=\"og:title\" content=\"Asperges violettes - Fantin Asparagi\" \/>\n<meta property=\"og:description\" content=\"Gli asparagi viola sono asparagi bianchi fuoriusciti dal terreno e coloratisi per effetto della prima esposizione al sole. Il sapore degli asparagi viola \u00e8 morbido e burroso, delicato, dolce.\" \/>\n<meta property=\"og:url\" content=\"https:\/\/fantinasparagi.com\/fr\/asperges-violettes\/\" \/>\n<meta property=\"og:site_name\" content=\"Fantin Asparagi\" \/>\n<meta property=\"article:modified_time\" content=\"2022-09-26T09:33:56+00:00\" \/>\n<meta property=\"og:image\" content=\"https:\/\/fantinasparagi.com\/wp-content\/uploads\/2017\/11\/asparagi-viola-s.jpg\" \/>\n\t<meta property=\"og:image:width\" content=\"1920\" \/>\n\t<meta property=\"og:image:height\" content=\"793\" \/>\n\t<meta property=\"og:image:type\" content=\"image\/jpeg\" \/>\n<meta name=\"twitter:card\" content=\"summary_large_image\" \/>\n<meta name=\"twitter:label1\" content=\"Dur\u00e9e de lecture estim\u00e9e\" \/>\n\t<meta name=\"twitter:data1\" content=\"2 minutes\" \/>\n<script type=\"application\/ld+json\" class=\"yoast-schema-graph\">{\"@context\":\"https:\/\/schema.org\",\"@graph\":[{\"@type\":\"WebPage\",\"@id\":\"https:\/\/fantinasparagi.com\/fr\/asperges-violettes\/\",\"url\":\"https:\/\/fantinasparagi.com\/fr\/asperges-violettes\/\",\"name\":\"Asperges violettes - Fantin Asparagi\",\"isPartOf\":{\"@id\":\"https:\/\/fantinasparagi.com\/#website\"},\"datePublished\":\"2017-11-21T11:19:13+00:00\",\"dateModified\":\"2022-09-26T09:33:56+00:00\",\"description\":\"Gli asparagi viola sono asparagi bianchi fuoriusciti dal terreno e coloratisi per effetto della prima esposizione al sole. Il sapore degli asparagi viola \u00e8 morbido e burroso, delicato, dolce.\",\"breadcrumb\":{\"@id\":\"https:\/\/fantinasparagi.com\/fr\/asperges-violettes\/#breadcrumb\"},\"inLanguage\":\"fr-FR\",\"potentialAction\":[{\"@type\":\"ReadAction\",\"target\":[\"https:\/\/fantinasparagi.com\/fr\/asperges-violettes\/\"]}]},{\"@type\":\"BreadcrumbList\",\"@id\":\"https:\/\/fantinasparagi.com\/fr\/asperges-violettes\/#breadcrumb\",\"itemListElement\":[{\"@type\":\"ListItem\",\"position\":1,\"name\":\"Home\",\"item\":\"https:\/\/fantinasparagi.com\/fr\/\"},{\"@type\":\"ListItem\",\"position\":2,\"name\":\"Asperges violettes\"}]},{\"@type\":\"WebSite\",\"@id\":\"https:\/\/fantinasparagi.com\/#website\",\"url\":\"https:\/\/fantinasparagi.com\/\",\"name\":\"Fantin Asparagi\",\"description\":\"\",\"potentialAction\":[{\"@type\":\"SearchAction\",\"target\":{\"@type\":\"EntryPoint\",\"urlTemplate\":\"https:\/\/fantinasparagi.com\/?s={search_term_string}\"},\"query-input\":\"required name=search_term_string\"}],\"inLanguage\":\"fr-FR\"}]}<\/script>\n<!-- \/ Yoast SEO plugin. -->","yoast_head_json":{"title":"Asperges violettes - Fantin Asparagi","description":"Gli asparagi viola sono asparagi bianchi fuoriusciti dal terreno e coloratisi per effetto della prima esposizione al sole. Il sapore degli asparagi viola \u00e8 morbido e burroso, delicato, dolce.","robots":{"index":"index","follow":"follow","max-snippet":"max-snippet:-1","max-image-preview":"max-image-preview:large","max-video-preview":"max-video-preview:-1"},"canonical":"https:\/\/fantinasparagi.com\/fr\/asperges-violettes\/","og_locale":"fr_FR","og_type":"article","og_title":"Asperges violettes - Fantin Asparagi","og_description":"Gli asparagi viola sono asparagi bianchi fuoriusciti dal terreno e coloratisi per effetto della prima esposizione al sole. Il sapore degli asparagi viola \u00e8 morbido e burroso, delicato, dolce.","og_url":"https:\/\/fantinasparagi.com\/fr\/asperges-violettes\/","og_site_name":"Fantin Asparagi","article_modified_time":"2022-09-26T09:33:56+00:00","og_image":[{"width":1920,"height":793,"url":"https:\/\/fantinasparagi.com\/wp-content\/uploads\/2017\/11\/asparagi-viola-s.jpg","type":"image\/jpeg"}],"twitter_card":"summary_large_image","twitter_misc":{"Dur\u00e9e de lecture estim\u00e9e":"2 minutes"},"schema":{"@context":"https:\/\/schema.org","@graph":[{"@type":"WebPage","@id":"https:\/\/fantinasparagi.com\/fr\/asperges-violettes\/","url":"https:\/\/fantinasparagi.com\/fr\/asperges-violettes\/","name":"Asperges violettes - Fantin Asparagi","isPartOf":{"@id":"https:\/\/fantinasparagi.com\/#website"},"datePublished":"2017-11-21T11:19:13+00:00","dateModified":"2022-09-26T09:33:56+00:00","description":"Gli asparagi viola sono asparagi bianchi fuoriusciti dal terreno e coloratisi per effetto della prima esposizione al sole. Il sapore degli asparagi viola \u00e8 morbido e burroso, delicato, dolce.","breadcrumb":{"@id":"https:\/\/fantinasparagi.com\/fr\/asperges-violettes\/#breadcrumb"},"inLanguage":"fr-FR","potentialAction":[{"@type":"ReadAction","target":["https:\/\/fantinasparagi.com\/fr\/asperges-violettes\/"]}]},{"@type":"BreadcrumbList","@id":"https:\/\/fantinasparagi.com\/fr\/asperges-violettes\/#breadcrumb","itemListElement":[{"@type":"ListItem","position":1,"name":"Home","item":"https:\/\/fantinasparagi.com\/fr\/"},{"@type":"ListItem","position":2,"name":"Asperges violettes"}]},{"@type":"WebSite","@id":"https:\/\/fantinasparagi.com\/#website","url":"https:\/\/fantinasparagi.com\/","name":"Fantin Asparagi","description":"","potentialAction":[{"@type":"SearchAction","target":{"@type":"EntryPoint","urlTemplate":"https:\/\/fantinasparagi.com\/?s={search_term_string}"},"query-input":"required name=search_term_string"}],"inLanguage":"fr-FR"}]}},"_links":{"self":[{"href":"https:\/\/fantinasparagi.com\/fr\/wp-json\/wp\/v2\/pages\/5260"}],"collection":[{"href":"https:\/\/fantinasparagi.com\/fr\/wp-json\/wp\/v2\/pages"}],"about":[{"href":"https:\/\/fantinasparagi.com\/fr\/wp-json\/wp\/v2\/types\/page"}],"author":[{"embeddable":true,"href":"https:\/\/fantinasparagi.com\/fr\/wp-json\/wp\/v2\/users\/2"}],"replies":[{"embeddable":true,"href":"https:\/\/fantinasparagi.com\/fr\/wp-json\/wp\/v2\/comments?post=5260"}],"version-history":[{"count":2,"href":"https:\/\/fantinasparagi.com\/fr\/wp-json\/wp\/v2\/pages\/5260\/revisions"}],"predecessor-version":[{"id":5262,"href":"https:\/\/fantinasparagi.com\/fr\/wp-json\/wp\/v2\/pages\/5260\/revisions\/5262"}],"up":[{"embeddable":true,"href":"https:\/\/fantinasparagi.com\/fr\/wp-json\/wp\/v2\/pages\/5287"}],"wp:featuredmedia":[{"embeddable":true,"href":"https:\/\/fantinasparagi.com\/fr\/wp-json\/wp\/v2\/media\/4898"}],"wp:attachment":[{"href":"https:\/\/fantinasparagi.com\/fr\/wp-json\/wp\/v2\/media?parent=5260"}],"curies":[{"name":"wp","href":"https:\/\/api.w.org\/{rel}","templated":true}]}}