{"id":5257,"date":"2017-11-21T11:26:08","date_gmt":"2017-11-21T11:26:08","guid":{"rendered":"https:\/\/staging.fantinasparagi.com\/asparagi-confezionati\/"},"modified":"2022-09-26T09:29:15","modified_gmt":"2022-09-26T09:29:15","slug":"asperges-en-bocaux","status":"publish","type":"page","link":"https:\/\/fantinasparagi.com\/fr\/asperges\/asperges-en-bocaux\/","title":{"rendered":"Asperges en bocaux"},"content":{"rendered":"<section id=\"bt_section69e3c06b53ce8\"  class=\"boldSection gutter\" ><div class=\"port\"><div class=\"boldCell\"><div class=\"boldCellInner\"><div class=\"boldRow \" ><div class=\"boldRowInner\"><div class=\"rowItem col-md-6 col-sm-12 btTextLeft inherit\"  data-width=\"6\"><div class=\"rowItemContent\" ><div class=\"btText\" ><p>Pour ceux qui souhaitent go\u00fbter la saveur du printemps toute l\u2019ann\u00e9e, nous proposons nos asperges, blanches et vertes, cueillies et imm\u00e9diatement pr\u00e9par\u00e9es pour \u00eatre conserv\u00e9es juste dans de l\u2019eau et du sel, dans des bocaux herm\u00e9tiques.<br \/>\nPour d\u00e9guster au mieux les asperges, nous sugg\u00e9rons de r\u00e9chauffer le bocal ouvert au bain-marie, pendant quelques minutes, et de les mettre \u00e0 table au naturel ou accompagn\u00e9es d\u2019une mayonnaise au citron, d\u2019une vinaigrette ou de ce que l\u2019imagination sugg\u00e8re. Excellentes dans les sandwichs clubs, les asperges repr\u00e9sentent un aliment pr\u00e9cieux, \u00e9ventuellement avec un \u0153uf battu, en couches, dans un plat au four.<\/p>\n<\/div><div class=\"btClear btSeparator topSemiSpaced noBorder\" ><hr><\/div><\/div><\/div><div class=\"rowItem col-md-6 col-sm-12 btTextLeft\"  data-width=\"6\"><div class=\"rowItemContent\" ><div class=\"bpgPhoto \" ><div class = \"btImage\"><img src=\"https:\/\/fantinasparagi.com\/wp-content\/uploads\/2018\/01\/asparagi-in-vasetto.jpg\" alt=\"Asparagi in vasetto\" title=\"Asparagi in vasetto\"><\/div><\/div><\/div><\/div><\/div><\/div><\/div><\/div><\/div><\/section>","protected":false},"excerpt":{"rendered":"","protected":false},"author":2,"featured_media":4896,"parent":5287,"menu_order":0,"comment_status":"closed","ping_status":"closed","template":"","meta":[],"acf":[],"yoast_head":"<!-- This site is optimized with the Yoast SEO plugin v20.1 - https:\/\/yoast.com\/wordpress\/plugins\/seo\/ -->\n<title>Asperges en bocaux - Fantin Asparagi<\/title>\n<meta name=\"description\" content=\"Pour ceux qui souhaitent go\u00fbter la saveur du printemps toute l\u2019ann\u00e9e, nous proposons nos asperges, blanches et vertes, cueillies et imm\u00e9diatement pr\u00e9par\u00e9es pour \u00eatre conserv\u00e9es juste dans de l\u2019eau et du sel, dans des bocaux herm\u00e9tiques.\" \/>\n<meta name=\"robots\" content=\"index, follow, max-snippet:-1, max-image-preview:large, max-video-preview:-1\" \/>\n<link rel=\"canonical\" href=\"https:\/\/fantinasparagi.com\/fr\/asperges-en-bocaux\/\" \/>\n<meta property=\"og:locale\" content=\"fr_FR\" \/>\n<meta property=\"og:type\" content=\"article\" \/>\n<meta property=\"og:title\" content=\"Asperges en bocaux - Fantin Asparagi\" \/>\n<meta property=\"og:description\" content=\"Pour ceux qui souhaitent go\u00fbter la saveur du printemps toute l\u2019ann\u00e9e, nous proposons nos asperges, blanches et vertes, cueillies et imm\u00e9diatement pr\u00e9par\u00e9es pour \u00eatre conserv\u00e9es juste dans de l\u2019eau et du sel, dans des bocaux herm\u00e9tiques.\" \/>\n<meta property=\"og:url\" content=\"https:\/\/fantinasparagi.com\/fr\/asperges-en-bocaux\/\" \/>\n<meta property=\"og:site_name\" content=\"Fantin Asparagi\" \/>\n<meta property=\"article:modified_time\" content=\"2022-09-26T09:29:15+00:00\" \/>\n<meta property=\"og:image\" content=\"https:\/\/fantinasparagi.com\/wp-content\/uploads\/2017\/11\/asparagi-in-vasetto-s.jpg\" \/>\n\t<meta property=\"og:image:width\" content=\"1920\" \/>\n\t<meta property=\"og:image:height\" content=\"1100\" \/>\n\t<meta property=\"og:image:type\" content=\"image\/jpeg\" \/>\n<meta name=\"twitter:card\" content=\"summary_large_image\" \/>\n<meta name=\"twitter:label1\" content=\"Dur\u00e9e de lecture estim\u00e9e\" \/>\n\t<meta name=\"twitter:data1\" content=\"1 minute\" \/>\n<script type=\"application\/ld+json\" class=\"yoast-schema-graph\">{\"@context\":\"https:\/\/schema.org\",\"@graph\":[{\"@type\":\"WebPage\",\"@id\":\"https:\/\/fantinasparagi.com\/fr\/asperges-en-bocaux\/\",\"url\":\"https:\/\/fantinasparagi.com\/fr\/asperges-en-bocaux\/\",\"name\":\"Asperges en bocaux - Fantin Asparagi\",\"isPartOf\":{\"@id\":\"https:\/\/fantinasparagi.com\/#website\"},\"datePublished\":\"2017-11-21T11:26:08+00:00\",\"dateModified\":\"2022-09-26T09:29:15+00:00\",\"description\":\"Pour ceux qui souhaitent go\u00fbter la saveur du printemps toute l\u2019ann\u00e9e, nous proposons nos asperges, blanches et vertes, cueillies et imm\u00e9diatement pr\u00e9par\u00e9es pour \u00eatre conserv\u00e9es juste dans de l\u2019eau et du sel, dans des bocaux herm\u00e9tiques.\",\"breadcrumb\":{\"@id\":\"https:\/\/fantinasparagi.com\/fr\/asperges-en-bocaux\/#breadcrumb\"},\"inLanguage\":\"fr-FR\",\"potentialAction\":[{\"@type\":\"ReadAction\",\"target\":[\"https:\/\/fantinasparagi.com\/fr\/asperges-en-bocaux\/\"]}]},{\"@type\":\"BreadcrumbList\",\"@id\":\"https:\/\/fantinasparagi.com\/fr\/asperges-en-bocaux\/#breadcrumb\",\"itemListElement\":[{\"@type\":\"ListItem\",\"position\":1,\"name\":\"Home\",\"item\":\"https:\/\/fantinasparagi.com\/fr\/\"},{\"@type\":\"ListItem\",\"position\":2,\"name\":\"Asperges en bocaux\"}]},{\"@type\":\"WebSite\",\"@id\":\"https:\/\/fantinasparagi.com\/#website\",\"url\":\"https:\/\/fantinasparagi.com\/\",\"name\":\"Fantin Asparagi\",\"description\":\"\",\"potentialAction\":[{\"@type\":\"SearchAction\",\"target\":{\"@type\":\"EntryPoint\",\"urlTemplate\":\"https:\/\/fantinasparagi.com\/?s={search_term_string}\"},\"query-input\":\"required name=search_term_string\"}],\"inLanguage\":\"fr-FR\"}]}<\/script>\n<!-- \/ Yoast SEO plugin. -->","yoast_head_json":{"title":"Asperges en bocaux - Fantin Asparagi","description":"Pour ceux qui souhaitent go\u00fbter la saveur du printemps toute l\u2019ann\u00e9e, nous proposons nos asperges, blanches et vertes, cueillies et imm\u00e9diatement pr\u00e9par\u00e9es pour \u00eatre conserv\u00e9es juste dans de l\u2019eau et du sel, dans des bocaux herm\u00e9tiques.","robots":{"index":"index","follow":"follow","max-snippet":"max-snippet:-1","max-image-preview":"max-image-preview:large","max-video-preview":"max-video-preview:-1"},"canonical":"https:\/\/fantinasparagi.com\/fr\/asperges-en-bocaux\/","og_locale":"fr_FR","og_type":"article","og_title":"Asperges en bocaux - Fantin Asparagi","og_description":"Pour ceux qui souhaitent go\u00fbter la saveur du printemps toute l\u2019ann\u00e9e, nous proposons nos asperges, blanches et vertes, cueillies et imm\u00e9diatement pr\u00e9par\u00e9es pour \u00eatre conserv\u00e9es juste dans de l\u2019eau et du sel, dans des bocaux herm\u00e9tiques.","og_url":"https:\/\/fantinasparagi.com\/fr\/asperges-en-bocaux\/","og_site_name":"Fantin Asparagi","article_modified_time":"2022-09-26T09:29:15+00:00","og_image":[{"width":1920,"height":1100,"url":"https:\/\/fantinasparagi.com\/wp-content\/uploads\/2017\/11\/asparagi-in-vasetto-s.jpg","type":"image\/jpeg"}],"twitter_card":"summary_large_image","twitter_misc":{"Dur\u00e9e de lecture estim\u00e9e":"1 minute"},"schema":{"@context":"https:\/\/schema.org","@graph":[{"@type":"WebPage","@id":"https:\/\/fantinasparagi.com\/fr\/asperges-en-bocaux\/","url":"https:\/\/fantinasparagi.com\/fr\/asperges-en-bocaux\/","name":"Asperges en bocaux - Fantin Asparagi","isPartOf":{"@id":"https:\/\/fantinasparagi.com\/#website"},"datePublished":"2017-11-21T11:26:08+00:00","dateModified":"2022-09-26T09:29:15+00:00","description":"Pour ceux qui souhaitent go\u00fbter la saveur du printemps toute l\u2019ann\u00e9e, nous proposons nos asperges, blanches et vertes, cueillies et imm\u00e9diatement pr\u00e9par\u00e9es pour \u00eatre conserv\u00e9es juste dans de l\u2019eau et du sel, dans des bocaux herm\u00e9tiques.","breadcrumb":{"@id":"https:\/\/fantinasparagi.com\/fr\/asperges-en-bocaux\/#breadcrumb"},"inLanguage":"fr-FR","potentialAction":[{"@type":"ReadAction","target":["https:\/\/fantinasparagi.com\/fr\/asperges-en-bocaux\/"]}]},{"@type":"BreadcrumbList","@id":"https:\/\/fantinasparagi.com\/fr\/asperges-en-bocaux\/#breadcrumb","itemListElement":[{"@type":"ListItem","position":1,"name":"Home","item":"https:\/\/fantinasparagi.com\/fr\/"},{"@type":"ListItem","position":2,"name":"Asperges en bocaux"}]},{"@type":"WebSite","@id":"https:\/\/fantinasparagi.com\/#website","url":"https:\/\/fantinasparagi.com\/","name":"Fantin Asparagi","description":"","potentialAction":[{"@type":"SearchAction","target":{"@type":"EntryPoint","urlTemplate":"https:\/\/fantinasparagi.com\/?s={search_term_string}"},"query-input":"required name=search_term_string"}],"inLanguage":"fr-FR"}]}},"_links":{"self":[{"href":"https:\/\/fantinasparagi.com\/fr\/wp-json\/wp\/v2\/pages\/5257"}],"collection":[{"href":"https:\/\/fantinasparagi.com\/fr\/wp-json\/wp\/v2\/pages"}],"about":[{"href":"https:\/\/fantinasparagi.com\/fr\/wp-json\/wp\/v2\/types\/page"}],"author":[{"embeddable":true,"href":"https:\/\/fantinasparagi.com\/fr\/wp-json\/wp\/v2\/users\/2"}],"replies":[{"embeddable":true,"href":"https:\/\/fantinasparagi.com\/fr\/wp-json\/wp\/v2\/comments?post=5257"}],"version-history":[{"count":1,"href":"https:\/\/fantinasparagi.com\/fr\/wp-json\/wp\/v2\/pages\/5257\/revisions"}],"predecessor-version":[{"id":5259,"href":"https:\/\/fantinasparagi.com\/fr\/wp-json\/wp\/v2\/pages\/5257\/revisions\/5259"}],"up":[{"embeddable":true,"href":"https:\/\/fantinasparagi.com\/fr\/wp-json\/wp\/v2\/pages\/5287"}],"wp:featuredmedia":[{"embeddable":true,"href":"https:\/\/fantinasparagi.com\/fr\/wp-json\/wp\/v2\/media\/4896"}],"wp:attachment":[{"href":"https:\/\/fantinasparagi.com\/fr\/wp-json\/wp\/v2\/media?parent=5257"}],"curies":[{"name":"wp","href":"https:\/\/api.w.org\/{rel}","templated":true}]}}