{"id":5244,"date":"2016-09-27T08:39:11","date_gmt":"2016-09-27T08:39:11","guid":{"rendered":"https:\/\/staging.fantinasparagi.com\/territorio-e-igp\/"},"modified":"2022-09-26T09:21:46","modified_gmt":"2022-09-26T09:21:46","slug":"territoire-igp","status":"publish","type":"page","link":"https:\/\/fantinasparagi.com\/fr\/territoire-igp\/","title":{"rendered":"Territoire &#038; I.G.P."},"content":{"rendered":"<section id=\"bt_section69e89086b007a\"  class=\"boldSection topSpaced bottomSemiSpaced gutter inherit\" style=\"background-color:#f4f4f4;\"><div class=\"port\"><div class=\"boldCell\"><div class=\"boldCellInner\"><div class=\"boldRow \" ><div class=\"boldRowInner\"><div class=\"rowItem col-md-6 col-sm-12 btTextLeft animate animate-fadein btMiddleVertical\"  data-width=\"6\"><div class=\"rowItemContent\" ><header class=\"header btClear extralarge\" ><div class=\"dash\"><h1><span class=\"headline\">Lieu de culture de nos <b class=\"animate\">asperges <\/b><\/span><\/h1><\/div><\/header><header class=\"header btClear large\" ><div class=\"dash\"><\/div><div class=\"btSubTitle\">Nous sommes \u00e0 Ospedaletto di Istrana, vers Tr\u00e9vise, au c\u0153ur de la zone de production et d\u2019emballage des asperges de Badoere I.G.P. : ici, le terrain est fertile, souple, baign\u00e9 par les eaux r\u00e9surgentes, lentes et peu calcaires de la rivi\u00e8re Sile. Ces caract\u00e9ristiques permettent aux asperges de pousser rapidement, d\u2019\u00eatre peu fibreuses et d\u2019avoir une couleur vive. Le go\u00fbt qui en r\u00e9sulte est d\u00e9licat et la consistance est particuli\u00e8rement tendre.\r<br>\r<br>Sur ce terrain nous cultivons les asperges blanches de Badoere I.G.P. et les asperges vertes de Badoere I.G.P.<\/div><\/header><div class=\"btClear btSeparator bottomSmallSpaced noBorder\" ><hr><\/div><div class=\"bpgPhoto \" ><div class = \"btImage\"><img src=\"https:\/\/fantinasparagi.com\/wp-content\/uploads\/2016\/09\/certificazioni-igp.png\" alt=\"\" title=\"certificazioni-igp\"><\/div><\/div><div class=\"btClear btSeparator topSemiSpaced noBorder\" ><hr><\/div><\/div><\/div><div class=\"rowItem col-md-6 col-sm-12 btTextLeft animate animate-fadein inherit\"  data-width=\"6\"><div class=\"rowItemContent\" ><div class=\"bpgPhoto \" ><div class = \"btImage\"><img src=\"https:\/\/fantinasparagi.com\/wp-content\/uploads\/2016\/09\/territorio-e-igp.jpg\" alt=\"Territorio &amp; I.G.P.\" title=\"Territorio &#038; I.G.P.\"><\/div><\/div><div class=\"btClear btSeparator bottomSemiSpaced noBorder\" ><hr><\/div><\/div><\/div><\/div><\/div><\/div><\/div><\/div><\/section><section id=\"bt_section69e89086b0f53\"  class=\"boldSection topSpaced bottomSemiSpaced gutter inherit\" ><div class=\"port\"><div class=\"boldCell\"><div class=\"boldCellInner\"><div class=\"boldRow \" ><div class=\"boldRowInner\"><div class=\"rowItem col-md-6 col-sm-12 btTextLeft\"  data-width=\"6\"><div class=\"rowItemContent\" ><header class=\"header btClear large\" ><div class=\"dash\"><h2><span class=\"headline\">Que signifie\r<br>le <b class=\"animate\">label I.G.P.<\/b><\/span><\/h2><\/div><\/header><div class=\"btClear btSeparator topSmallSpaced bottomSmallSpaced noBorder\" ><hr><\/div><div class=\"btText\" ><p>L\u2019acronyme I.G.P. se traduit par <em>Indication g\u00e9ographique prot\u00e9g\u00e9e<\/em>\u00a0: c\u2019est un label attribu\u00e9 par l\u2019Union europ\u00e9enne aux produits qui d\u00e9montrent avoir un lien profond avec le territoire et ses traditions. Ce sont le lieu de production \u2013 avec ses terrains profonds et bien drain\u00e9s \u2013, la dext\u00e9rit\u00e9 et l\u2019artisanat des habitants qui, de g\u00e9n\u00e9ration en g\u00e9n\u00e9ration, se sont appris la culture des asperges, ainsi que les facteurs p\u00e9doclimatiques particuliers, qui d\u00e9terminent la qualit\u00e9 et la r\u00e9putation du produit. L\u2019origine des asperges semble remonter \u00e0 la conqu\u00eate des territoires de la V\u00e9n\u00e9tie de la part des Romains. D\u00e8s le Moyen \u00c2ge, sa culture \u00e9tait connue et affirm\u00e9e sur le territoire qui s\u2019\u00e9tend au sud des Pr\u00e9alpes v\u00e9nitiennes, dans une bande plate qui relie id\u00e9alement le cours moyen des rivi\u00e8res Brenta, Sile et Piave.<\/p>\n<p>Depuis 2010, les asperges de Badoere sont officiellement entr\u00e9es dans le cercle restreint des produits prot\u00e9g\u00e9s et certifi\u00e9s I.G.P.\u00a0: sa production est donc li\u00e9e \u00e0 une discipline qui dicte les r\u00e8gles essentielles pour sa culture et commercialisation, et elle est soumise aux contr\u00f4les pr\u00e9dispos\u00e9s par l\u2019organisme CSQA.<\/p>\n<p>Les asperges de Badoere I.G.P. \u2013 Blanches, elles se pr\u00e9sentent avec un turion droit et l\u2019apex tr\u00e8s ferm\u00e9, de consistance tendre et sans fibrosit\u00e9\u00a0; la couleur est blanche, avec de possibles nuances ros\u00e9es qui apparaissent en phase d\u2019emballage\u00a0; la saveur est douce, pas sal\u00e9e, avec un l\u00e9ger ar\u00f4me de l\u00e9gumes secs encore frais et grain de bl\u00e9 m\u00fbr, avec veines am\u00e8res \u00e0 peine perceptibles.<\/p>\n<p>Les asperges de Badoere I.G.P. \u2013 Vertes, elles pr\u00e9sentent un turion droit, avec possible l\u00e9g\u00e8re d\u00e9viation de la pointe, apex tr\u00e8s ferm\u00e9\u00a0; sa consistance est tendre et sans fibrosit\u00e9\u00a0; concernant la couleur, les pointes sont d\u2019un vert intense et brillant, avec possibles nuances violac\u00e9es, et la tige est verte avec variations du violac\u00e9 au blanc\u00a0; la saveur est douce et prononc\u00e9e, pas sal\u00e9e ni am\u00e8re, l\u2019ar\u00f4me est fruit\u00e9 et herbeux persistant.<\/p>\n<\/div><div class=\"btClear btSeparator topSmallSpaced bottomSmallSpaced noBorder\" ><hr><\/div><\/div><\/div><div class=\"rowItem col-md-6 col-sm-12 btTextLeft\"  data-width=\"6\"><div class=\"rowItemContent\" ><header class=\"header btClear large\" ><div class=\"dash\"><h2><span class=\"headline\">Quelles sont les <b class=\"animate\">propri\u00e9t\u00e9s<\/b> des asperges I.G.P. ?<\/span><\/h2><\/div><\/header><div class=\"btClear btSeparator topSmallSpaced bottomSmallSpaced noBorder\" ><hr><\/div><div class=\"btText\" ><p>Ce n\u2019est pas un hasard si les asperges de Badoere I.G.P., dans leurs typologies blanche et verte, sont officiellement dans la liste des produits d\u2019excellence de l\u2019agro-alimentaire europ\u00e9en\u00a0: leurs propri\u00e9t\u00e9s sont en effet remarquables\u00a0!<\/p>\n<p>D\u00e9taillons-les :<\/p>\n<ul>\n<li>Elles ont peu de calories car elles contiennent de l\u2019eau et sont une excellente source de fibres alimentaires (environ 2\u00a0grammes), notamment l\u2019inuline et l\u2019asparagine\u00a0A.<\/li>\n<li>Elles ont un faible contenu de sodium, sont riches en potassium et contiennent de l\u2019acide folique, des vitamines B1 et B6. La concentration de certains min\u00e9raux comme le calcium, le magn\u00e9sium et le phosphore augmente avec leur maturation, tandis que la concentration de sodium diminue.<\/li>\n<li>Elles contiennent de l\u2019acide aspartique, un acide amin\u00e9 non essentiel aux propri\u00e9t\u00e9s diur\u00e9tiques.<\/li>\n<li>Elles contiennent \u00e9galement une vaste gamme de phytonutriments ayant une action anti-oxydante et anti-inflammatoire, comme la rutine, un flavono\u00efde qui sert \u00e0 renforcer les parois des vaisseaux sanguins, et la b\u00e9ta-carot\u00e8ne, un carot\u00e9no\u00efde pr\u00e9curseur de la vitamine A.<\/li>\n<li>Gr\u00e2ce \u00e0 leur contenu de saponine, de polyph\u00e9nols et de min\u00e9raux, elles sont d\u2019excellentes alli\u00e9es contre la r\u00e9tention d\u2019eau. En outre, elles peuvent r\u00e9duire la pression sanguine gr\u00e2ce au compos\u00e9 2-hydroxynicotianamine, qui agit comme un inhibiteur de l\u2019ECA.<\/li>\n<\/ul>\n<\/div><div class=\"btClear btSeparator topSmallSpaced bottomSmallSpaced noBorder\" ><hr><\/div><\/div><\/div><\/div><\/div><div class=\"boldRow \" ><div class=\"boldRowInner\"><div class=\"rowItem col-md-12 col-ms-12  btTextLeft\"  data-width=\"12\"><div class=\"rowItemContent\" ><div class=\"tilesWall btGridGallery tiled  btGridGap-5 lightbox\" data-col=\"3\"><div class=\"gridSizer\"><\/div><div class=\"gridItem btGhostSliderThumb bt11\" data-order-num=\"0\"><div class=\"btTileBox\"><div class=\"bpgPhoto \" > \r\n\t\t\t\t\t<a href=\"https:\/\/fantinasparagi.com\/wp-content\/uploads\/2016\/09\/gallery-territorio-01.jpg\" class=\"lightbox\" data-title=\"\"><\/a>\r\n\t\t\t\t\t<div class=\"boldPhotoBox\"><div class=\"bpbItem\"><div class = \"btImage\"><img src=\"https:\/\/fantinasparagi.com\/wp-content\/uploads\/2016\/09\/gallery-territorio-01-640x640.jpg\" alt=\"\" title=\"\"><\/div><\/div><\/div>\r\n\t\t\t\t\t<div class=\"captionPane btDarkSkin btTextCenter\">\r\n\t\t\t\t\t\t<div class=\"captionTable\">\r\n\t\t\t\t\t\t\t<div class=\"captionCell\">\r\n\t\t\t\t\t\t\t\t<div class=\"captionTxt\"><\/div>\r\n\t\t\t\t\t\t\t<\/div>\r\n\t\t\t\t\t\t<\/div>\r\n\t\t\t\t\t<\/div><\/div><\/div><\/div><div class=\"gridItem btGhostSliderThumb bt11\" data-order-num=\"1\"><div class=\"btTileBox\"><div class=\"bpgPhoto \" > \r\n\t\t\t\t\t<a href=\"https:\/\/fantinasparagi.com\/wp-content\/uploads\/2016\/09\/gallery-territorio-02.jpg\" class=\"lightbox\" data-title=\"\"><\/a>\r\n\t\t\t\t\t<div class=\"boldPhotoBox\"><div class=\"bpbItem\"><div class = \"btImage\"><img src=\"https:\/\/fantinasparagi.com\/wp-content\/uploads\/2016\/09\/gallery-territorio-02-640x640.jpg\" alt=\"\" title=\"\"><\/div><\/div><\/div>\r\n\t\t\t\t\t<div class=\"captionPane btDarkSkin btTextCenter\">\r\n\t\t\t\t\t\t<div class=\"captionTable\">\r\n\t\t\t\t\t\t\t<div class=\"captionCell\">\r\n\t\t\t\t\t\t\t\t<div class=\"captionTxt\"><\/div>\r\n\t\t\t\t\t\t\t<\/div>\r\n\t\t\t\t\t\t<\/div>\r\n\t\t\t\t\t<\/div><\/div><\/div><\/div><div class=\"gridItem btGhostSliderThumb bt11\" data-order-num=\"2\"><div class=\"btTileBox\"><div class=\"bpgPhoto \" > \r\n\t\t\t\t\t<a href=\"https:\/\/fantinasparagi.com\/wp-content\/uploads\/2016\/09\/gallery-territorio-03.jpg\" class=\"lightbox\" data-title=\"\"><\/a>\r\n\t\t\t\t\t<div class=\"boldPhotoBox\"><div class=\"bpbItem\"><div class = \"btImage\"><img src=\"https:\/\/fantinasparagi.com\/wp-content\/uploads\/2016\/09\/gallery-territorio-03-640x640.jpg\" alt=\"\" title=\"\"><\/div><\/div><\/div>\r\n\t\t\t\t\t<div class=\"captionPane btDarkSkin btTextCenter\">\r\n\t\t\t\t\t\t<div class=\"captionTable\">\r\n\t\t\t\t\t\t\t<div class=\"captionCell\">\r\n\t\t\t\t\t\t\t\t<div class=\"captionTxt\"><\/div>\r\n\t\t\t\t\t\t\t<\/div>\r\n\t\t\t\t\t\t<\/div>\r\n\t\t\t\t\t<\/div><\/div><\/div><\/div><div class=\"gridItem btGhostSliderThumb bt11\" data-order-num=\"3\"><div class=\"btTileBox\"><div class=\"bpgPhoto \" > \r\n\t\t\t\t\t<a href=\"https:\/\/fantinasparagi.com\/wp-content\/uploads\/2016\/09\/gallery-territorio-04.jpg\" class=\"lightbox\" data-title=\"\"><\/a>\r\n\t\t\t\t\t<div class=\"boldPhotoBox\"><div class=\"bpbItem\"><div class = \"btImage\"><img src=\"https:\/\/fantinasparagi.com\/wp-content\/uploads\/2016\/09\/gallery-territorio-04-640x640.jpg\" alt=\"\" title=\"\"><\/div><\/div><\/div>\r\n\t\t\t\t\t<div class=\"captionPane btDarkSkin btTextCenter\">\r\n\t\t\t\t\t\t<div class=\"captionTable\">\r\n\t\t\t\t\t\t\t<div class=\"captionCell\">\r\n\t\t\t\t\t\t\t\t<div class=\"captionTxt\"><\/div>\r\n\t\t\t\t\t\t\t<\/div>\r\n\t\t\t\t\t\t<\/div>\r\n\t\t\t\t\t<\/div><\/div><\/div><\/div><div class=\"gridItem btGhostSliderThumb bt11\" data-order-num=\"4\"><div class=\"btTileBox\"><div class=\"bpgPhoto \" > \r\n\t\t\t\t\t<a href=\"https:\/\/fantinasparagi.com\/wp-content\/uploads\/2016\/09\/gallery-territorio-05.jpg\" class=\"lightbox\" data-title=\"\"><\/a>\r\n\t\t\t\t\t<div class=\"boldPhotoBox\"><div class=\"bpbItem\"><div class = \"btImage\"><img src=\"https:\/\/fantinasparagi.com\/wp-content\/uploads\/2016\/09\/gallery-territorio-05-640x640.jpg\" alt=\"\" title=\"\"><\/div><\/div><\/div>\r\n\t\t\t\t\t<div class=\"captionPane btDarkSkin btTextCenter\">\r\n\t\t\t\t\t\t<div class=\"captionTable\">\r\n\t\t\t\t\t\t\t<div class=\"captionCell\">\r\n\t\t\t\t\t\t\t\t<div class=\"captionTxt\"><\/div>\r\n\t\t\t\t\t\t\t<\/div>\r\n\t\t\t\t\t\t<\/div>\r\n\t\t\t\t\t<\/div><\/div><\/div><\/div><div class=\"gridItem btGhostSliderThumb bt11\" data-order-num=\"5\"><div class=\"btTileBox\"><div class=\"bpgPhoto \" > \r\n\t\t\t\t\t<a href=\"https:\/\/fantinasparagi.com\/wp-content\/uploads\/2016\/09\/gallery-territorio-06.jpg\" class=\"lightbox\" data-title=\"\"><\/a>\r\n\t\t\t\t\t<div class=\"boldPhotoBox\"><div class=\"bpbItem\"><div class = \"btImage\"><img src=\"https:\/\/fantinasparagi.com\/wp-content\/uploads\/2016\/09\/gallery-territorio-06-640x640.jpg\" alt=\"\" title=\"\"><\/div><\/div><\/div>\r\n\t\t\t\t\t<div class=\"captionPane btDarkSkin btTextCenter\">\r\n\t\t\t\t\t\t<div class=\"captionTable\">\r\n\t\t\t\t\t\t\t<div class=\"captionCell\">\r\n\t\t\t\t\t\t\t\t<div class=\"captionTxt\"><\/div>\r\n\t\t\t\t\t\t\t<\/div>\r\n\t\t\t\t\t\t<\/div>\r\n\t\t\t\t\t<\/div><\/div><\/div><\/div><div class=\"gridItem btGhostSliderThumb bt11\" data-order-num=\"6\"><div class=\"btTileBox\"><div class=\"bpgPhoto \" > \r\n\t\t\t\t\t<a href=\"https:\/\/fantinasparagi.com\/wp-content\/uploads\/2016\/09\/gallery-territorio-07.jpg\" class=\"lightbox\" data-title=\"\"><\/a>\r\n\t\t\t\t\t<div class=\"boldPhotoBox\"><div class=\"bpbItem\"><div class = \"btImage\"><img src=\"https:\/\/fantinasparagi.com\/wp-content\/uploads\/2016\/09\/gallery-territorio-07-640x640.jpg\" alt=\"\" title=\"\"><\/div><\/div><\/div>\r\n\t\t\t\t\t<div class=\"captionPane btDarkSkin btTextCenter\">\r\n\t\t\t\t\t\t<div class=\"captionTable\">\r\n\t\t\t\t\t\t\t<div class=\"captionCell\">\r\n\t\t\t\t\t\t\t\t<div class=\"captionTxt\"><\/div>\r\n\t\t\t\t\t\t\t<\/div>\r\n\t\t\t\t\t\t<\/div>\r\n\t\t\t\t\t<\/div><\/div><\/div><\/div><div class=\"gridItem btGhostSliderThumb bt11\" data-order-num=\"7\"><div class=\"btTileBox\"><div class=\"bpgPhoto \" > \r\n\t\t\t\t\t<a href=\"https:\/\/fantinasparagi.com\/wp-content\/uploads\/2016\/09\/gallery-territorio-08.jpg\" class=\"lightbox\" data-title=\"\"><\/a>\r\n\t\t\t\t\t<div class=\"boldPhotoBox\"><div class=\"bpbItem\"><div class = \"btImage\"><img src=\"https:\/\/fantinasparagi.com\/wp-content\/uploads\/2016\/09\/gallery-territorio-08-640x640.jpg\" alt=\"\" title=\"\"><\/div><\/div><\/div>\r\n\t\t\t\t\t<div class=\"captionPane btDarkSkin btTextCenter\">\r\n\t\t\t\t\t\t<div class=\"captionTable\">\r\n\t\t\t\t\t\t\t<div class=\"captionCell\">\r\n\t\t\t\t\t\t\t\t<div class=\"captionTxt\"><\/div>\r\n\t\t\t\t\t\t\t<\/div>\r\n\t\t\t\t\t\t<\/div>\r\n\t\t\t\t\t<\/div><\/div><\/div><\/div><div class=\"gridItem btGhostSliderThumb bt11\" data-order-num=\"8\"><div class=\"btTileBox\"><div class=\"bpgPhoto \" > \r\n\t\t\t\t\t<a href=\"https:\/\/fantinasparagi.com\/wp-content\/uploads\/2016\/09\/gallery-territorio-09.jpg\" class=\"lightbox\" data-title=\"\"><\/a>\r\n\t\t\t\t\t<div class=\"boldPhotoBox\"><div class=\"bpbItem\"><div class = \"btImage\"><img src=\"https:\/\/fantinasparagi.com\/wp-content\/uploads\/2016\/09\/gallery-territorio-09-640x640.jpg\" alt=\"\" title=\"\"><\/div><\/div><\/div>\r\n\t\t\t\t\t<div class=\"captionPane btDarkSkin btTextCenter\">\r\n\t\t\t\t\t\t<div class=\"captionTable\">\r\n\t\t\t\t\t\t\t<div class=\"captionCell\">\r\n\t\t\t\t\t\t\t\t<div class=\"captionTxt\"><\/div>\r\n\t\t\t\t\t\t\t<\/div>\r\n\t\t\t\t\t\t<\/div>\r\n\t\t\t\t\t<\/div><\/div><\/div><\/div><\/div><\/div><\/div><\/div><\/div><\/div><\/div><\/div><\/section>","protected":false},"excerpt":{"rendered":"","protected":false},"author":2,"featured_media":4900,"parent":0,"menu_order":2,"comment_status":"closed","ping_status":"closed","template":"","meta":[],"acf":[],"yoast_head":"<!-- This site is optimized with the Yoast SEO plugin v20.1 - https:\/\/yoast.com\/wordpress\/plugins\/seo\/ -->\n<title>Asperges blanches et vertes de Badoere I.G.P. - Fantin Asparagi<\/title>\n<meta name=\"description\" content=\"Nous sommes \u00e0 Ospedaletto di Istrana, vers Tr\u00e9vise, au c\u0153ur de la zone de production et d\u2019emballage des asperges de Badoere I.G.P.\" \/>\n<meta name=\"robots\" content=\"index, follow, max-snippet:-1, max-image-preview:large, max-video-preview:-1\" \/>\n<link rel=\"canonical\" href=\"https:\/\/fantinasparagi.com\/fr\/territoire-igp\/\" \/>\n<meta property=\"og:locale\" content=\"fr_FR\" \/>\n<meta property=\"og:type\" content=\"article\" \/>\n<meta property=\"og:title\" content=\"Asperges blanches et vertes de Badoere I.G.P. - Fantin Asparagi\" \/>\n<meta property=\"og:description\" content=\"Nous sommes \u00e0 Ospedaletto di Istrana, vers Tr\u00e9vise, au c\u0153ur de la zone de production et d\u2019emballage des asperges de Badoere I.G.P.\" \/>\n<meta property=\"og:url\" content=\"https:\/\/fantinasparagi.com\/fr\/territoire-igp\/\" \/>\n<meta property=\"og:site_name\" content=\"Fantin Asparagi\" \/>\n<meta property=\"article:modified_time\" content=\"2022-09-26T09:21:46+00:00\" \/>\n<meta property=\"og:image\" content=\"https:\/\/fantinasparagi.com\/wp-content\/uploads\/2016\/09\/territorio-e-igp-s.jpg\" \/>\n\t<meta property=\"og:image:width\" content=\"1920\" \/>\n\t<meta property=\"og:image:height\" content=\"793\" \/>\n\t<meta property=\"og:image:type\" content=\"image\/jpeg\" \/>\n<meta name=\"twitter:card\" content=\"summary_large_image\" \/>\n<meta name=\"twitter:label1\" content=\"Dur\u00e9e de lecture estim\u00e9e\" \/>\n\t<meta name=\"twitter:data1\" content=\"5 minutes\" \/>\n<script type=\"application\/ld+json\" class=\"yoast-schema-graph\">{\"@context\":\"https:\/\/schema.org\",\"@graph\":[{\"@type\":\"WebPage\",\"@id\":\"https:\/\/fantinasparagi.com\/fr\/territoire-igp\/\",\"url\":\"https:\/\/fantinasparagi.com\/fr\/territoire-igp\/\",\"name\":\"Asperges blanches et vertes de Badoere I.G.P. - Fantin Asparagi\",\"isPartOf\":{\"@id\":\"https:\/\/fantinasparagi.com\/#website\"},\"datePublished\":\"2016-09-27T08:39:11+00:00\",\"dateModified\":\"2022-09-26T09:21:46+00:00\",\"description\":\"Nous sommes \u00e0 Ospedaletto di Istrana, vers Tr\u00e9vise, au c\u0153ur de la zone de production et d\u2019emballage des asperges de Badoere I.G.P.\",\"breadcrumb\":{\"@id\":\"https:\/\/fantinasparagi.com\/fr\/territoire-igp\/#breadcrumb\"},\"inLanguage\":\"fr-FR\",\"potentialAction\":[{\"@type\":\"ReadAction\",\"target\":[\"https:\/\/fantinasparagi.com\/fr\/territoire-igp\/\"]}]},{\"@type\":\"BreadcrumbList\",\"@id\":\"https:\/\/fantinasparagi.com\/fr\/territoire-igp\/#breadcrumb\",\"itemListElement\":[{\"@type\":\"ListItem\",\"position\":1,\"name\":\"Home\",\"item\":\"https:\/\/fantinasparagi.com\/fr\/\"},{\"@type\":\"ListItem\",\"position\":2,\"name\":\"Territoire &#038; I.G.P.\"}]},{\"@type\":\"WebSite\",\"@id\":\"https:\/\/fantinasparagi.com\/#website\",\"url\":\"https:\/\/fantinasparagi.com\/\",\"name\":\"Fantin Asparagi\",\"description\":\"\",\"potentialAction\":[{\"@type\":\"SearchAction\",\"target\":{\"@type\":\"EntryPoint\",\"urlTemplate\":\"https:\/\/fantinasparagi.com\/?s={search_term_string}\"},\"query-input\":\"required name=search_term_string\"}],\"inLanguage\":\"fr-FR\"}]}<\/script>\n<!-- \/ Yoast SEO plugin. -->","yoast_head_json":{"title":"Asperges blanches et vertes de Badoere I.G.P. - Fantin Asparagi","description":"Nous sommes \u00e0 Ospedaletto di Istrana, vers Tr\u00e9vise, au c\u0153ur de la zone de production et d\u2019emballage des asperges de Badoere I.G.P.","robots":{"index":"index","follow":"follow","max-snippet":"max-snippet:-1","max-image-preview":"max-image-preview:large","max-video-preview":"max-video-preview:-1"},"canonical":"https:\/\/fantinasparagi.com\/fr\/territoire-igp\/","og_locale":"fr_FR","og_type":"article","og_title":"Asperges blanches et vertes de Badoere I.G.P. - Fantin Asparagi","og_description":"Nous sommes \u00e0 Ospedaletto di Istrana, vers Tr\u00e9vise, au c\u0153ur de la zone de production et d\u2019emballage des asperges de Badoere I.G.P.","og_url":"https:\/\/fantinasparagi.com\/fr\/territoire-igp\/","og_site_name":"Fantin Asparagi","article_modified_time":"2022-09-26T09:21:46+00:00","og_image":[{"width":1920,"height":793,"url":"https:\/\/fantinasparagi.com\/wp-content\/uploads\/2016\/09\/territorio-e-igp-s.jpg","type":"image\/jpeg"}],"twitter_card":"summary_large_image","twitter_misc":{"Dur\u00e9e de lecture estim\u00e9e":"5 minutes"},"schema":{"@context":"https:\/\/schema.org","@graph":[{"@type":"WebPage","@id":"https:\/\/fantinasparagi.com\/fr\/territoire-igp\/","url":"https:\/\/fantinasparagi.com\/fr\/territoire-igp\/","name":"Asperges blanches et vertes de Badoere I.G.P. - Fantin Asparagi","isPartOf":{"@id":"https:\/\/fantinasparagi.com\/#website"},"datePublished":"2016-09-27T08:39:11+00:00","dateModified":"2022-09-26T09:21:46+00:00","description":"Nous sommes \u00e0 Ospedaletto di Istrana, vers Tr\u00e9vise, au c\u0153ur de la zone de production et d\u2019emballage des asperges de Badoere I.G.P.","breadcrumb":{"@id":"https:\/\/fantinasparagi.com\/fr\/territoire-igp\/#breadcrumb"},"inLanguage":"fr-FR","potentialAction":[{"@type":"ReadAction","target":["https:\/\/fantinasparagi.com\/fr\/territoire-igp\/"]}]},{"@type":"BreadcrumbList","@id":"https:\/\/fantinasparagi.com\/fr\/territoire-igp\/#breadcrumb","itemListElement":[{"@type":"ListItem","position":1,"name":"Home","item":"https:\/\/fantinasparagi.com\/fr\/"},{"@type":"ListItem","position":2,"name":"Territoire &#038; I.G.P."}]},{"@type":"WebSite","@id":"https:\/\/fantinasparagi.com\/#website","url":"https:\/\/fantinasparagi.com\/","name":"Fantin Asparagi","description":"","potentialAction":[{"@type":"SearchAction","target":{"@type":"EntryPoint","urlTemplate":"https:\/\/fantinasparagi.com\/?s={search_term_string}"},"query-input":"required name=search_term_string"}],"inLanguage":"fr-FR"}]}},"_links":{"self":[{"href":"https:\/\/fantinasparagi.com\/fr\/wp-json\/wp\/v2\/pages\/5244"}],"collection":[{"href":"https:\/\/fantinasparagi.com\/fr\/wp-json\/wp\/v2\/pages"}],"about":[{"href":"https:\/\/fantinasparagi.com\/fr\/wp-json\/wp\/v2\/types\/page"}],"author":[{"embeddable":true,"href":"https:\/\/fantinasparagi.com\/fr\/wp-json\/wp\/v2\/users\/2"}],"replies":[{"embeddable":true,"href":"https:\/\/fantinasparagi.com\/fr\/wp-json\/wp\/v2\/comments?post=5244"}],"version-history":[{"count":3,"href":"https:\/\/fantinasparagi.com\/fr\/wp-json\/wp\/v2\/pages\/5244\/revisions"}],"predecessor-version":[{"id":5248,"href":"https:\/\/fantinasparagi.com\/fr\/wp-json\/wp\/v2\/pages\/5244\/revisions\/5248"}],"wp:featuredmedia":[{"embeddable":true,"href":"https:\/\/fantinasparagi.com\/fr\/wp-json\/wp\/v2\/media\/4900"}],"wp:attachment":[{"href":"https:\/\/fantinasparagi.com\/fr\/wp-json\/wp\/v2\/media?parent=5244"}],"curies":[{"name":"wp","href":"https:\/\/api.w.org\/{rel}","templated":true}]}}