{"id":5224,"date":"2017-11-21T16:39:03","date_gmt":"2017-11-21T16:39:03","guid":{"rendered":"https:\/\/staging.fantinasparagi.com\/privacy-policy\/"},"modified":"2022-09-26T08:47:28","modified_gmt":"2022-09-26T08:47:28","slug":"politique-de-confidentialite","status":"publish","type":"page","link":"https:\/\/fantinasparagi.com\/fr\/politique-de-confidentialite\/","title":{"rendered":"Politique de confidentialit\u00e9"},"content":{"rendered":"<section id=\"bt_section69da330f477b4\"  class=\"boldSection topSpaced bottomSpaced btLightSkin gutter inherit\" ><div class=\"port\"><div class=\"boldCell\"><div class=\"boldCellInner\"><div class=\"boldRow \" ><div class=\"boldRowInner\"><div class=\"rowItem col-md-12 col-ms-12  btTextLeft\"  data-width=\"12\"><div class=\"rowItemContent\" ><div class=\"btText\" ><p>Cette page d\u00e9crit les modalit\u00e9s de gestion du site en question pour le traitement des donn\u00e9es \u00e0 caract\u00e8re personnel des utilisateurs qui le consultent.<br \/>\nConform\u00e9ment aux articles 13 et 14 du r\u00e8glement UE 679\/2016 sur les donn\u00e9es \u00e0 caract\u00e8re personnel, nous vous informons que le traitement des donn\u00e9es \u00e0 caract\u00e8re personnel fournies lors du remplissage des formulaires de \u00ab\u00a0Demande d\u2019informations\u00a0\u00bb sera effectu\u00e9 dans le respect du r\u00e8glement UE 2016\/679, ainsi que des directives UE n\u00b0\u00a058\/2002 et 136\/2009.<\/p>\n<p><strong>Le responsable du traitement<\/strong><br \/>\nLe responsable du traitement des donn\u00e9es, concernant les personnes identifi\u00e9es ou identifiables qui ont consult\u00e9 ce site, est <strong>Entreprise agricole FANTIN BENVENUTO<\/strong>, si\u00e9geant Via Badoere, 20 \u2013 31036 OSPEDALETTO di ISTRANA (TV), adresse e-mail <a title=\"info@fantinasparagi.com\" href=\"mailto:info@fantinasparagi.com\">info@fantinasparagi.com<\/a>.<\/p>\n<p><strong>Modalit\u00e9s et lieu du traitement des donn\u00e9es recueillies<\/strong><\/p>\n<p><strong>Modalit\u00e9s du traitement<\/strong><br \/>\nLe responsable traite les donn\u00e9es \u00e0 caract\u00e8re personnel des utilisateurs en prenant des mesures de s\u00e9curit\u00e9 appropri\u00e9es pour emp\u00eacher l\u2019acc\u00e8s non autoris\u00e9, la divulgation, la modification ou la destruction des donn\u00e9es \u00e0 caract\u00e8re personnel.<br \/>\nLe traitement est effectu\u00e9 au moyen d\u2019outils informatiques et\/ou t\u00e9l\u00e9matiques, avec des modalit\u00e9s d\u2019organisation et une logique strictement li\u00e9es aux objectifs indiqu\u00e9s.<br \/>\nOutre le responsable du traitement, dans certains cas, des cat\u00e9gories d\u2019employ\u00e9s impliqu\u00e9s dans l\u2019organisation du site (personnel administratif, commerciaux, personnel marketing, administrateurs de syst\u00e8me) ou des parties externes \u00e9galement d\u00e9sign\u00e9es, si n\u00e9cessaire, comme responsables du traitement par le responsable du traitement peuvent avoir acc\u00e8s aux donn\u00e9es. La liste \u00e0 jour des responsables pourra toujours \u00eatre demand\u00e9e au responsable du traitement.<\/p>\n<p><strong><em>Lieu<\/em><\/strong><br \/>\nLes donn\u00e9es sont trait\u00e9es dans les locaux pr\u00e9cit\u00e9s du responsable du traitement et dans tout autre lieu o\u00f9 se trouvent les parties impliqu\u00e9es dans le traitement. Pour plus d&rsquo;informations, contacter le responsable.<\/p>\n<p><em><strong>D\u00e9lais<\/strong><\/em><br \/>\nLes donn\u00e9es sont trait\u00e9es pendant le temps n\u00e9cessaire \u00e0 l\u2019ex\u00e9cution du service demand\u00e9 par l\u2019utilisateur, ou requis par les objectifs d\u00e9crits dans ce document, et l\u2019utilisateur peut toujours demander l\u2019interruption du traitement ou la suppression des donn\u00e9es.<\/p>\n<p><strong>Typologie des donn\u00e9es trait\u00e9es<\/strong><\/p>\n<p><em><strong>Donn\u00e9es de navigation<\/strong><\/em><br \/>\nLes syst\u00e8mes informatiques et les proc\u00e9dures logicielles utilis\u00e9s pour faire fonctionner ce site acqui\u00e8rent, au cours de leur fonctionnement normal, certaines donn\u00e9es \u00e0 caract\u00e8re personnel dont la transmission est implicite dans l\u2019utilisation des protocoles de communication Internet.<br \/>\nCes informations ne sont pas collect\u00e9es dans le but d\u2019\u00eatre associ\u00e9es \u00e0 des personnes identifi\u00e9es mais, de par leur nature m\u00eame, elles pourraient, par leur traitement et leur association avec des donn\u00e9es d\u00e9tenues par des tiers, permettre d\u2019identifier les utilisateurs.<br \/>\nLes donn\u00e9es recueillies comprennent les adresses IP ou les noms de domaine des ordinateurs utilis\u00e9s par les utilisateurs qui se connectent au site, les adresses de notation URI (Uniform Resource Identifier) des ressources demand\u00e9es, l\u2019heure de la demande, la m\u00e9thode utilis\u00e9e pour soumettre la demande au serveur, la taille du fichier obtenu en r\u00e9ponse, le code num\u00e9rique indiquant l\u2019\u00e9tat de la r\u00e9ponse donn\u00e9e par le serveur (succ\u00e8s, erreur, etc.) et d\u2019autres param\u00e8tres concernant le syst\u00e8me d\u2019exploitation et l\u2019environnement informatique utilis\u00e9s par l\u2019utilisateur. Ces donn\u00e9es sont utilis\u00e9es dans le seul but d\u2019obtenir des informations statistiques anonymes sur l\u2019utilisation du site et de v\u00e9rifier son bon fonctionnement, et sont supprim\u00e9es imm\u00e9diatement apr\u00e8s leur traitement. Les donn\u00e9es pourraient \u00eatre utilis\u00e9es pour d\u00e9terminer les responsabilit\u00e9s en cas d\u2019hypoth\u00e9tiques d\u00e9lits informatiques contre le site\u00a0: \u00e0 l\u2019exception de cette possibilit\u00e9, les donn\u00e9es sur les contacts web ne persistent pas plus de sept jours.<\/p>\n<p><em><strong>Donn\u00e9es fournies volontairement par l\u2019utilisateur<\/strong><\/em><br \/>\nL\u2019envoi facultatif, volontaire et explicite de courrier \u00e9lectronique aux adresses indiqu\u00e9es dans les diff\u00e9rents canaux d\u2019acc\u00e8s de ce site et le remplissage de \u00ab\u00a0formulaires\u00a0\u00bb sp\u00e9cifiquement pr\u00e9par\u00e9s entra\u00eenent l\u2019acquisition ult\u00e9rieure de l\u2019adresse et des donn\u00e9es de l\u2019exp\u00e9diteur\/utilisateur, n\u00e9cessaires pour r\u00e9pondre aux demandes formul\u00e9es et\/ou fournir le service demand\u00e9.<br \/>\nLe fait que l\u2019utilisateur ne fournisse pas certaines donn\u00e9es \u00e0 caract\u00e8re personnel peut emp\u00eacher ce site de fournir ses services.<br \/>\nDes informations sp\u00e9cifiques r\u00e9sum\u00e9es peuvent \u00eatre donn\u00e9es ou affich\u00e9es sur les pages du site consacr\u00e9es \u00e0 des services particuliers, \u00e0 la demande.<br \/>\nAucune technique informatique n\u2019est utilis\u00e9e de quelque mani\u00e8re que ce soit pour l\u2019acquisition directe de donn\u00e9es \u00e0 caract\u00e8re personnel identifiant l\u2019utilisateur.<br \/>\nL\u2019utilisateur assume la responsabilit\u00e9 des donn\u00e9es \u00e0 caract\u00e8re personnel de tiers publi\u00e9es ou partag\u00e9es \u00e0 travers ce site et garantit qu\u2019il a le droit de les communiquer ou de les diffuser, d\u00e9gageant le responsable de toute responsabilit\u00e9 envers les tiers.<\/p>\n<p><em><strong>Cookies<\/strong><\/em><br \/>\nLe site utilise les typologies suivantes de cookies (pour savoir ce qu\u2019est un cookie : Wikipedia) pour leurs objectifs :<\/p>\n<p>\u2013 des cookies techniques pour m\u00e9moriser le consentement (ou non) de l\u2019utilisateur aux informations disponibles, lors du premier acc\u00e8s, sur toutes les pages du site web ;<br \/>\n\u2013 des cookies associ\u00e9s aux services Facebook pour vous donner la possibilit\u00e9 de repartager notre contenu ;<br \/>\n\u2013 des cookies associ\u00e9s aux services Facebook pour nous donner la possibilit\u00e9 d\u2019int\u00e9grer du contenu dans le n\u00f4tre afin de le rendre plus riche et plus complet ;<br \/>\n\u2013 des cookies associ\u00e9s aux services publicitaires propos\u00e9s par Google, Facebook afin de comprendre si vous avez visit\u00e9 notre site Internet et, si vous remplissez certaines conditions, de vous proposer \u00e0 nouveau nos services sous forme de publicit\u00e9 ;<br \/>\n\u2013 des cookies sous une forme anonyme associ\u00e9s aux services Google Analytics et Google Tag Manager pour comprendre comment vous visitez notre site et pouvoir l\u2019am\u00e9liorer ;<\/p>\n<p>Pour plus d\u2019informations sur la mani\u00e8re dont ces entreprises utilisent vos donn\u00e9es, nous vous proposons ci-dessous des liens vers leurs politiques de confidentialit\u00e9 :<\/p>\n<p>\u2013 <a href=\"https:\/\/www.facebook.com\/about\/privacy\/\" target=\"_blank\" rel=\"noopener noreferrer\">Facebook<\/a>;<br \/>\n\u2013 <a href=\"https:\/\/policies.google.com\/privacy?hl=it\" target=\"_blank\" rel=\"noopener noreferrer\">Google<\/a>;<\/p>\n<p>Les informations g\u00e9n\u00e9r\u00e9es par le cookie Google Analytics concernant votre utilisation du site web sont ensuite transmises \u00e0 Google et stock\u00e9es sur ses serveurs aux \u00c9tats-Unis. Google utilise ces informations pour suivre et examiner l\u2019utilisation du site par les visiteurs et fournit ces donn\u00e9es, sous forme agr\u00e9g\u00e9e et jamais li\u00e9e \u00e0 votre identit\u00e9, par le biais de rapports Analytics et de ses autres services d\u2019information (par exemple, Google Trends).<\/p>\n<p>Google peut transmettre ces informations \u00e0 des tiers si la loi l\u2019exige ou si ces derniers traitent ces informations pour son compte ; les r\u00e8gles de confidentialit\u00e9 et d\u2019utilisation des donn\u00e9es de Google Analytics se trouvent <a href=\"https:\/\/policies.google.com\/?hl=it\" target=\"_blank\" rel=\"noopener noreferrer\">ici<\/a>.<\/p>\n<p>Si vous ne souhaitez pas \u00eatre \u00ab\u00a0suivi\u00a0\u00bb par des cookies, vous pouvez t\u00e9l\u00e9charger des modules compl\u00e9mentaires pour le navigateur que vous utilisez pour naviguer\u00a0; certains navigateurs permettent \u00e9galement une navigation anonyme, pour laquelle aucun cookie ne sera install\u00e9.<\/p>\n<p><strong>Objectifs du traitement des donn\u00e9es<\/strong><br \/>\nToutes les donn\u00e9es \u00e0 caract\u00e8re personnel fournies par l\u2019interm\u00e9diaire du site seront trait\u00e9es de mani\u00e8re l\u00e9gale et correcte afin de fournir les services demand\u00e9s ainsi que pour r\u00e9pondre aux communications et aux questions des utilisateurs, toujours dans la poursuite des objectifs institutionnels pr\u00e9vus par la loi.<br \/>\n\u2022 Les fichiers de log seront trait\u00e9s pour v\u00e9rifier le bon fonctionnement du site.<br \/>\n\u2022 Les donn\u00e9es \u00e0 caract\u00e8re personne fournis volontairement par l\u2019utilisateur seront trait\u00e9es :<br \/>\n\u2013 pour pouvoir fournir les services demand\u00e9s ;<br \/>\n\u2013 pour pouvoir \u00e9laborer des demandes sp\u00e9cifiques des utilisateurs de fa\u00e7on automatique ou manuelle.<br \/>\n\u2022 Les cookies seront trait\u00e9s conform\u00e9ment \u00e0 ce qui est indiqu\u00e9 dans la note d\u2019information pr\u00e9vue \u00e0 cet effet (politique des cookies).<\/p>\n<p><strong>Caract\u00e8re facultatif de la fourniture des donn\u00e9es<\/strong><br \/>\n\u00c0 l\u2019exception de ce qui a \u00e9t\u00e9 sp\u00e9cifi\u00e9 pour les donn\u00e9es de navigation (fichiers log), en partie pour les cookies (qui peuvent de toute fa\u00e7on \u00eatre bloqu\u00e9s et\/ou supprim\u00e9s au moyen de fonctions sp\u00e9ciales int\u00e9gr\u00e9es au navigateur), l\u2019utilisateur est libre de fournir ou non les donn\u00e9es personnelles indiqu\u00e9es dans les formulaires d\u2019enregistrement et\/ou de demande d\u2019informations\u00a0; toutefois, en cas de non-fourniture des donn\u00e9es marqu\u00e9es comme obligatoires dans les formulaires de demande, le site ne sera pas en mesure de fournir \u00e0 l\u2019utilisateur le service demand\u00e9 de temps \u00e0 autre.<\/p>\n<p><strong>Droits des personnes concern\u00e9es<\/strong><br \/>\nLes personnes auxquelles se r\u00e9f\u00e8rent les donn\u00e9es \u00e0 caract\u00e8re personnel peuvent \u00e0 tout moment exercer les droits pr\u00e9vus \u00e0 l\u2019article 7 du Code de protection des donn\u00e9es \u00e0 caract\u00e8re personnel, afin d\u2019obtenir la confirmation de l\u2019existence ou de la non-existence de leurs donn\u00e9es \u00e0 caract\u00e8re personnel et d\u2019en conna\u00eetre le contenu et l\u2019origine, de v\u00e9rifier leur exactitude ou de demander qu\u2019elles soient compl\u00e9t\u00e9es, mises \u00e0 jour ou rectifi\u00e9es. Conform\u00e9ment \u00e0 la m\u00eame disposition, il est \u00e9galement possible de demander l\u2019effacement, la transformation sous forme anonyme ou le blocage des donn\u00e9es trait\u00e9es en violation de la loi, ainsi que de s\u2019opposer de toute fa\u00e7on \u00e0 leur traitement, pour des raisons l\u00e9gitimes.<br \/>\nLes demandes doivent \u00eatre adress\u00e9es aux adresses suivantes :<br \/>\n<a title=\"info@fantinasparagi.com\" href=\"mailto:info@fantinasparagi.com\">info@fantinasparagi.com<\/a><br \/>\nVia Badoere, 20 \u2013 31036 OSPEDALETTO di ISTRANA (TV)<\/p>\n<p><strong>Mises \u00e0 jour<\/strong><br \/>\nLa politique de confidentialit\u00e9 de ce site est soumise \u00e0 des mises \u00e0 jour\u00a0; les utilisateurs sont donc pri\u00e9s d\u2019en v\u00e9rifier r\u00e9guli\u00e8rement le contenu.<\/p>\n<\/div><\/div><\/div><\/div><\/div><\/div><\/div><\/div><\/section>","protected":false},"excerpt":{"rendered":"","protected":false},"author":2,"featured_media":0,"parent":0,"menu_order":90,"comment_status":"closed","ping_status":"closed","template":"","meta":[],"acf":[],"yoast_head":"<!-- This site is optimized with the Yoast SEO plugin v20.1 - https:\/\/yoast.com\/wordpress\/plugins\/seo\/ -->\n<title>Politique de confidentialit\u00e9 - Fantin Asparagi<\/title>\n<meta name=\"robots\" content=\"index, follow, max-snippet:-1, max-image-preview:large, max-video-preview:-1\" \/>\n<link rel=\"canonical\" href=\"https:\/\/fantinasparagi.com\/fr\/politique-de-confidentialite\/\" \/>\n<meta property=\"og:locale\" content=\"fr_FR\" \/>\n<meta property=\"og:type\" content=\"article\" \/>\n<meta property=\"og:title\" content=\"Politique de confidentialit\u00e9 - Fantin Asparagi\" \/>\n<meta property=\"og:url\" content=\"https:\/\/fantinasparagi.com\/fr\/politique-de-confidentialite\/\" \/>\n<meta property=\"og:site_name\" content=\"Fantin Asparagi\" \/>\n<meta property=\"article:modified_time\" content=\"2022-09-26T08:47:28+00:00\" \/>\n<meta name=\"twitter:card\" content=\"summary_large_image\" \/>\n<meta name=\"twitter:label1\" content=\"Dur\u00e9e de lecture estim\u00e9e\" \/>\n\t<meta name=\"twitter:data1\" content=\"7 minutes\" \/>\n<script type=\"application\/ld+json\" class=\"yoast-schema-graph\">{\"@context\":\"https:\/\/schema.org\",\"@graph\":[{\"@type\":\"WebPage\",\"@id\":\"https:\/\/fantinasparagi.com\/fr\/politique-de-confidentialite\/\",\"url\":\"https:\/\/fantinasparagi.com\/fr\/politique-de-confidentialite\/\",\"name\":\"Politique de confidentialit\u00e9 - Fantin Asparagi\",\"isPartOf\":{\"@id\":\"https:\/\/fantinasparagi.com\/#website\"},\"datePublished\":\"2017-11-21T16:39:03+00:00\",\"dateModified\":\"2022-09-26T08:47:28+00:00\",\"breadcrumb\":{\"@id\":\"https:\/\/fantinasparagi.com\/fr\/politique-de-confidentialite\/#breadcrumb\"},\"inLanguage\":\"fr-FR\",\"potentialAction\":[{\"@type\":\"ReadAction\",\"target\":[\"https:\/\/fantinasparagi.com\/fr\/politique-de-confidentialite\/\"]}]},{\"@type\":\"BreadcrumbList\",\"@id\":\"https:\/\/fantinasparagi.com\/fr\/politique-de-confidentialite\/#breadcrumb\",\"itemListElement\":[{\"@type\":\"ListItem\",\"position\":1,\"name\":\"Home\",\"item\":\"https:\/\/fantinasparagi.com\/fr\/\"},{\"@type\":\"ListItem\",\"position\":2,\"name\":\"Politique de confidentialit\u00e9\"}]},{\"@type\":\"WebSite\",\"@id\":\"https:\/\/fantinasparagi.com\/#website\",\"url\":\"https:\/\/fantinasparagi.com\/\",\"name\":\"Fantin Asparagi\",\"description\":\"\",\"potentialAction\":[{\"@type\":\"SearchAction\",\"target\":{\"@type\":\"EntryPoint\",\"urlTemplate\":\"https:\/\/fantinasparagi.com\/?s={search_term_string}\"},\"query-input\":\"required name=search_term_string\"}],\"inLanguage\":\"fr-FR\"}]}<\/script>\n<!-- \/ Yoast SEO plugin. -->","yoast_head_json":{"title":"Politique de confidentialit\u00e9 - Fantin Asparagi","robots":{"index":"index","follow":"follow","max-snippet":"max-snippet:-1","max-image-preview":"max-image-preview:large","max-video-preview":"max-video-preview:-1"},"canonical":"https:\/\/fantinasparagi.com\/fr\/politique-de-confidentialite\/","og_locale":"fr_FR","og_type":"article","og_title":"Politique de confidentialit\u00e9 - Fantin Asparagi","og_url":"https:\/\/fantinasparagi.com\/fr\/politique-de-confidentialite\/","og_site_name":"Fantin Asparagi","article_modified_time":"2022-09-26T08:47:28+00:00","twitter_card":"summary_large_image","twitter_misc":{"Dur\u00e9e de lecture estim\u00e9e":"7 minutes"},"schema":{"@context":"https:\/\/schema.org","@graph":[{"@type":"WebPage","@id":"https:\/\/fantinasparagi.com\/fr\/politique-de-confidentialite\/","url":"https:\/\/fantinasparagi.com\/fr\/politique-de-confidentialite\/","name":"Politique de confidentialit\u00e9 - Fantin Asparagi","isPartOf":{"@id":"https:\/\/fantinasparagi.com\/#website"},"datePublished":"2017-11-21T16:39:03+00:00","dateModified":"2022-09-26T08:47:28+00:00","breadcrumb":{"@id":"https:\/\/fantinasparagi.com\/fr\/politique-de-confidentialite\/#breadcrumb"},"inLanguage":"fr-FR","potentialAction":[{"@type":"ReadAction","target":["https:\/\/fantinasparagi.com\/fr\/politique-de-confidentialite\/"]}]},{"@type":"BreadcrumbList","@id":"https:\/\/fantinasparagi.com\/fr\/politique-de-confidentialite\/#breadcrumb","itemListElement":[{"@type":"ListItem","position":1,"name":"Home","item":"https:\/\/fantinasparagi.com\/fr\/"},{"@type":"ListItem","position":2,"name":"Politique de confidentialit\u00e9"}]},{"@type":"WebSite","@id":"https:\/\/fantinasparagi.com\/#website","url":"https:\/\/fantinasparagi.com\/","name":"Fantin Asparagi","description":"","potentialAction":[{"@type":"SearchAction","target":{"@type":"EntryPoint","urlTemplate":"https:\/\/fantinasparagi.com\/?s={search_term_string}"},"query-input":"required name=search_term_string"}],"inLanguage":"fr-FR"}]}},"_links":{"self":[{"href":"https:\/\/fantinasparagi.com\/fr\/wp-json\/wp\/v2\/pages\/5224"}],"collection":[{"href":"https:\/\/fantinasparagi.com\/fr\/wp-json\/wp\/v2\/pages"}],"about":[{"href":"https:\/\/fantinasparagi.com\/fr\/wp-json\/wp\/v2\/types\/page"}],"author":[{"embeddable":true,"href":"https:\/\/fantinasparagi.com\/fr\/wp-json\/wp\/v2\/users\/2"}],"replies":[{"embeddable":true,"href":"https:\/\/fantinasparagi.com\/fr\/wp-json\/wp\/v2\/comments?post=5224"}],"version-history":[{"count":2,"href":"https:\/\/fantinasparagi.com\/fr\/wp-json\/wp\/v2\/pages\/5224\/revisions"}],"predecessor-version":[{"id":5227,"href":"https:\/\/fantinasparagi.com\/fr\/wp-json\/wp\/v2\/pages\/5224\/revisions\/5227"}],"wp:attachment":[{"href":"https:\/\/fantinasparagi.com\/fr\/wp-json\/wp\/v2\/media?parent=5224"}],"curies":[{"name":"wp","href":"https:\/\/api.w.org\/{rel}","templated":true}]}}